{"id":9381,"date":"2025-05-05T16:24:52","date_gmt":"2025-05-05T14:24:52","guid":{"rendered":"https:\/\/a-eb.org\/?page_id=9381"},"modified":"2025-10-07T11:54:01","modified_gmt":"2025-10-07T09:54:01","slug":"val-pusteria","status":"publish","type":"page","link":"https:\/\/a-eb.org\/it\/val-pusteria\/","title":{"rendered":"Val Pusteria"},"content":{"rendered":"[vc_row type=&#8221;in_container&#8221; full_screen_row_position=&#8221;middle&#8221; column_margin=&#8221;default&#8221; column_direction=&#8221;default&#8221; column_direction_tablet=&#8221;default&#8221; column_direction_phone=&#8221;default&#8221; scene_position=&#8221;center&#8221; text_color=&#8221;dark&#8221; text_align=&#8221;left&#8221; row_border_radius=&#8221;none&#8221; row_border_radius_applies=&#8221;bg&#8221; overflow=&#8221;visible&#8221; overlay_strength=&#8221;0.3&#8243; gradient_direction=&#8221;left_to_right&#8221; shape_divider_position=&#8221;bottom&#8221; bg_image_animation=&#8221;none&#8221;][vc_column column_padding=&#8221;no-extra-padding&#8221; column_padding_tablet=&#8221;inherit&#8221; column_padding_phone=&#8221;inherit&#8221; column_padding_position=&#8221;all&#8221; column_element_direction_desktop=&#8221;default&#8221; column_element_spacing=&#8221;default&#8221; desktop_text_alignment=&#8221;default&#8221; tablet_text_alignment=&#8221;default&#8221; phone_text_alignment=&#8221;default&#8221; background_color_opacity=&#8221;1&#8243; background_hover_color_opacity=&#8221;1&#8243; column_backdrop_filter=&#8221;none&#8221; column_shadow=&#8221;none&#8221; column_border_radius=&#8221;none&#8221; column_link_target=&#8221;_self&#8221; column_position=&#8221;default&#8221; gradient_direction=&#8221;left_to_right&#8221; overlay_strength=&#8221;0.3&#8243; width=&#8221;1\/1&#8243; tablet_width_inherit=&#8221;default&#8221; animation_type=&#8221;default&#8221; bg_image_animation=&#8221;none&#8221; border_type=&#8221;simple&#8221; column_border_width=&#8221;none&#8221; column_border_style=&#8221;solid&#8221;][vc_column_text css=&#8221;&#8221; text_direction=&#8221;default&#8221;]<strong>HOND IN HOND \u2013 FREIZEIT MITNONDO<br \/>\n<\/strong><em>Mano in mano \u2013 Tempo libero insieme\u00a0 in Val Pusteria<\/em>[\/vc_column_text][vc_column_text css=&#8221;&#8221; text_direction=&#8221;default&#8221;]<strong>L&#8217;incontro di conoscenza si svolger\u00e0 il Mercoled\u00ec, 15.10.2025 dalle 9 alle 11 presso l&#8217;UFO \u2013 Centro giovanile e culturale di Brunico Strada Josef Ferrari, 20<\/strong><\/p>\n<p>Clicca sul link: <a href=\"https:\/\/a-eb.org\/wordpress\/wp-content\/uploads\/2025\/10\/2025-2026-Hond-in-Hond-lettera-genitori-1.pdf\">Invito all&#8217; incontro di conoscenza<\/a>[\/vc_column_text][vc_column_text css=&#8221;&#8221; text_direction=&#8221;default&#8221;]\n<h2>Iscrizione 2025\/2026<\/h2>\n<p>Per il nuovo anno scolastico, si torna a dire &#8220;Hond in Hond&#8221; \u2013 tempo libero insieme.<br \/>\nIscriviti: <a href=\"https:\/\/a-eb.org\/wordpress\/wp-content\/uploads\/2025\/04\/Flyer-Hond-in-Hond-V-2025-04-24-IT.pdf\">Hond in Hond &#8211; Freizeit mitnondo in Val Pusteria<\/a>[\/vc_column_text][vc_column_text css=&#8221;&#8221; text_direction=&#8221;default&#8221;]Qualche impressione dell&#8217;incontro finale 2025:[\/vc_column_text][vc_gallery css=&#8221;&#8221; type=&#8221;image_grid&#8221; images=&#8221;9554,9556,9558,9560,9562,9564,9566,9570&#8243; image_grid_loading=&#8221;default&#8221; layout=&#8221;4&#8243; item_spacing=&#8221;default&#8221; gallery_style=&#8221;7&#8243; load_in_animation=&#8221;none&#8221;][divider line_type=&#8221;No Line&#8221;][vc_column_text css=&#8221;&#8221; text_direction=&#8221;default&#8221;]Articolo pubblicato nel giornale Dolomiten: \u201eHond in Hond \u00a0&#8211; Freizeit mitnondo im Pustertal&#8221;<\/p>\n<p><img loading=\"lazy\" decoding=\"async\" class=\"alignnone size-full wp-image-9544\" src=\"https:\/\/a-eb.org\/wordpress\/wp-content\/uploads\/2025\/05\/10-Jahre-Projekt-Hond-in-Hond-15.05.2025-Dolomiten.png\" alt=\"\" width=\"1259\" height=\"973\" srcset=\"https:\/\/a-eb.org\/wordpress\/wp-content\/uploads\/2025\/05\/10-Jahre-Projekt-Hond-in-Hond-15.05.2025-Dolomiten.png 1259w, https:\/\/a-eb.org\/wordpress\/wp-content\/uploads\/2025\/05\/10-Jahre-Projekt-Hond-in-Hond-15.05.2025-Dolomiten-300x232.png 300w, https:\/\/a-eb.org\/wordpress\/wp-content\/uploads\/2025\/05\/10-Jahre-Projekt-Hond-in-Hond-15.05.2025-Dolomiten-1024x791.png 1024w, https:\/\/a-eb.org\/wordpress\/wp-content\/uploads\/2025\/05\/10-Jahre-Projekt-Hond-in-Hond-15.05.2025-Dolomiten-768x594.png 768w\" sizes=\"auto, (max-width: 1259px) 100vw, 1259px\" \/><\/p>\n<p>Il progetto \u00e8 stato avviato per la prima volta nell&#8217;autunno del 2014 con 29 studenti delle scuole superiori. Da allora \u00e8 cresciuto costantemente e oggi \u00e8 considerato un punto culminante annuale \u2013 ogni anno partecipano circa 70 studenti delle scuole superiori.<\/p>\n<p>Particolarmente degno di nota \u00e8 il lavoro eccellente di rete che il progetto permette di realizzare.<\/p>\n<p>I promotori e i partecipanti del progetto sono il Centro di consulenza pedagogica di Brunico, la Comunit\u00e0 comprensoriale Val Pusteria, il Centro scolastico superiore di Sandro di Tures, il Liceo delle scienze sociali di Brunico,<\/p>\n<p>il Liceo linguistico e scientifico di Brunico, l\u2019Istituto tecnico industriale di Brunico, il Centro scolastico superiore Santa Maria \/ Badia, la Scuola superiore economica di Brunico e San Candido, e noi, l\u2019associazione \u201cAEB &#8211; Genitori<\/p>\n<p>attivi per l\u2019Inclusione di persone con disabilit\u00e0 APS\u201d.<\/p>\n<p>Anche dal lato degli sponsor sono state create numerose opportunit\u00e0. Cos\u00ec, offerte come il bowling, la piscina Cron4, la palestra di arrampicata Helix, il pattinaggio nell\u2019Intercable Arena, le aree sciistiche, il noleggio di slittini, musei, cinema o anche visite dal parrucchiere sono disponibili in parte gratuitamente o a prezzi ridotti.<\/p>\n<p>Inizialmente, il focus del progetto era sull&#8217;accompagnamento delle persone con disabilit\u00e0. Al giorno d\u2019oggi, circa la met\u00e0 dei partecipanti proviene da famiglie con background migratorio, il che si sposa perfettamente con una comprensione ampliata di inclusione.<\/p>\n<p>&nbsp;<\/p>\n[\/vc_column_text][\/vc_column][\/vc_row][vc_row type=&#8221;in_container&#8221; full_screen_row_position=&#8221;middle&#8221; column_margin=&#8221;default&#8221; column_direction=&#8221;default&#8221; column_direction_tablet=&#8221;default&#8221; column_direction_phone=&#8221;default&#8221; scene_position=&#8221;center&#8221; text_color=&#8221;dark&#8221; text_align=&#8221;left&#8221; row_border_radius=&#8221;none&#8221; row_border_radius_applies=&#8221;bg&#8221; overflow=&#8221;visible&#8221; overlay_strength=&#8221;0.3&#8243; gradient_direction=&#8221;left_to_right&#8221; shape_divider_position=&#8221;bottom&#8221; bg_image_animation=&#8221;none&#8221;][vc_column column_padding=&#8221;no-extra-padding&#8221; column_padding_tablet=&#8221;inherit&#8221; column_padding_phone=&#8221;inherit&#8221; column_padding_position=&#8221;all&#8221; column_element_direction_desktop=&#8221;default&#8221; column_element_spacing=&#8221;default&#8221; desktop_text_alignment=&#8221;default&#8221; tablet_text_alignment=&#8221;default&#8221; phone_text_alignment=&#8221;default&#8221; background_color_opacity=&#8221;1&#8243; background_hover_color_opacity=&#8221;1&#8243; column_backdrop_filter=&#8221;none&#8221; column_shadow=&#8221;none&#8221; column_border_radius=&#8221;none&#8221; column_link_target=&#8221;_self&#8221; column_position=&#8221;default&#8221; gradient_direction=&#8221;left_to_right&#8221; overlay_strength=&#8221;0.3&#8243; width=&#8221;1\/1&#8243; tablet_width_inherit=&#8221;default&#8221; animation_type=&#8221;default&#8221; bg_image_animation=&#8221;none&#8221; border_type=&#8221;simple&#8221; column_border_width=&#8221;none&#8221; column_border_style=&#8221;solid&#8221;][\/vc_column][\/vc_row]\n","protected":false},"excerpt":{"rendered":"<p>[vc_row type=&#8221;in_container&#8221; full_screen_row_position=&#8221;middle&#8221; column_margin=&#8221;default&#8221; column_direction=&#8221;default&#8221; column_direction_tablet=&#8221;default&#8221; column_direction_phone=&#8221;default&#8221; scene_position=&#8221;center&#8221; text_color=&#8221;dark&#8221; text_align=&#8221;left&#8221; row_border_radius=&#8221;none&#8221; row_border_radius_applies=&#8221;bg&#8221; overflow=&#8221;visible&#8221; overlay_strength=&#8221;0.3&#8243; gradient_direction=&#8221;left_to_right&#8221; shape_divider_position=&#8221;bottom&#8221; bg_image_animation=&#8221;none&#8221;][vc_column column_padding=&#8221;no-extra-padding&#8221; column_padding_tablet=&#8221;inherit&#8221; column_padding_phone=&#8221;inherit&#8221;&#8230;<\/p>\n","protected":false},"author":5,"featured_media":0,"parent":0,"menu_order":0,"comment_status":"closed","ping_status":"closed","template":"","meta":{"footnotes":""},"class_list":["post-9381","page","type-page","status-publish"],"yoast_head":"<!-- This site is optimized with the Yoast SEO plugin v26.6 - https:\/\/yoast.com\/wordpress\/plugins\/seo\/ -->\n<title>Val Pusteria - AEB-Aktive Eltern von Menschen mit Behinderung VFG | Bozen | S\u00fcdtirol<\/title>\n<meta name=\"robots\" content=\"index, follow, max-snippet:-1, max-image-preview:large, max-video-preview:-1\" \/>\n<link rel=\"canonical\" href=\"https:\/\/a-eb.org\/it\/val-pusteria\/\" \/>\n<meta property=\"og:locale\" content=\"it_IT\" \/>\n<meta property=\"og:type\" content=\"article\" \/>\n<meta property=\"og:title\" content=\"Val Pusteria - AEB-Aktive Eltern von Menschen mit Behinderung VFG | Bozen | S\u00fcdtirol\" \/>\n<meta property=\"og:description\" content=\"[vc_row type=&#8221;in_container&#8221; full_screen_row_position=&#8221;middle&#8221; column_margin=&#8221;default&#8221; column_direction=&#8221;default&#8221; column_direction_tablet=&#8221;default&#8221; column_direction_phone=&#8221;default&#8221; scene_position=&#8221;center&#8221; text_color=&#8221;dark&#8221; text_align=&#8221;left&#8221; row_border_radius=&#8221;none&#8221; row_border_radius_applies=&#8221;bg&#8221; overflow=&#8221;visible&#8221; overlay_strength=&#8221;0.3&#8243; gradient_direction=&#8221;left_to_right&#8221; shape_divider_position=&#8221;bottom&#8221; bg_image_animation=&#8221;none&#8221;][vc_column column_padding=&#8221;no-extra-padding&#8221; column_padding_tablet=&#8221;inherit&#8221; column_padding_phone=&#8221;inherit&#8221;...\" \/>\n<meta property=\"og:url\" content=\"https:\/\/a-eb.org\/it\/val-pusteria\/\" \/>\n<meta property=\"og:site_name\" content=\"AEB-Aktive Eltern von Menschen mit Behinderung VFG | Bozen | S\u00fcdtirol\" \/>\n<meta property=\"article:modified_time\" content=\"2025-10-07T09:54:01+00:00\" \/>\n<meta property=\"og:image\" content=\"https:\/\/a-eb.org\/wordpress\/wp-content\/uploads\/2025\/05\/10-Jahre-Projekt-Hond-in-Hond-15.05.2025-Dolomiten.png\" \/>\n<meta name=\"twitter:card\" content=\"summary_large_image\" \/>\n<meta name=\"twitter:label1\" content=\"Tempo di lettura stimato\" \/>\n\t<meta name=\"twitter:data1\" content=\"3 minuti\" \/>\n<script type=\"application\/ld+json\" class=\"yoast-schema-graph\">{\"@context\":\"https:\/\/schema.org\",\"@graph\":[{\"@type\":\"WebPage\",\"@id\":\"https:\/\/a-eb.org\/it\/val-pusteria\/\",\"url\":\"https:\/\/a-eb.org\/it\/val-pusteria\/\",\"name\":\"Val Pusteria - AEB-Aktive Eltern von Menschen mit Behinderung VFG | Bozen | S\u00fcdtirol\",\"isPartOf\":{\"@id\":\"https:\/\/a-eb.org\/#website\"},\"primaryImageOfPage\":{\"@id\":\"https:\/\/a-eb.org\/it\/val-pusteria\/#primaryimage\"},\"image\":{\"@id\":\"https:\/\/a-eb.org\/it\/val-pusteria\/#primaryimage\"},\"thumbnailUrl\":\"https:\/\/a-eb.org\/wordpress\/wp-content\/uploads\/2025\/05\/10-Jahre-Projekt-Hond-in-Hond-15.05.2025-Dolomiten.png\",\"datePublished\":\"2025-05-05T14:24:52+00:00\",\"dateModified\":\"2025-10-07T09:54:01+00:00\",\"breadcrumb\":{\"@id\":\"https:\/\/a-eb.org\/it\/val-pusteria\/#breadcrumb\"},\"inLanguage\":\"it-IT\",\"potentialAction\":[{\"@type\":\"ReadAction\",\"target\":[\"https:\/\/a-eb.org\/it\/val-pusteria\/\"]}]},{\"@type\":\"ImageObject\",\"inLanguage\":\"it-IT\",\"@id\":\"https:\/\/a-eb.org\/it\/val-pusteria\/#primaryimage\",\"url\":\"https:\/\/a-eb.org\/wordpress\/wp-content\/uploads\/2025\/05\/10-Jahre-Projekt-Hond-in-Hond-15.05.2025-Dolomiten.png\",\"contentUrl\":\"https:\/\/a-eb.org\/wordpress\/wp-content\/uploads\/2025\/05\/10-Jahre-Projekt-Hond-in-Hond-15.05.2025-Dolomiten.png\"},{\"@type\":\"BreadcrumbList\",\"@id\":\"https:\/\/a-eb.org\/it\/val-pusteria\/#breadcrumb\",\"itemListElement\":[{\"@type\":\"ListItem\",\"position\":1,\"name\":\"Startseite\",\"item\":\"https:\/\/a-eb.org\/it\/\"},{\"@type\":\"ListItem\",\"position\":2,\"name\":\"Val Pusteria\"}]},{\"@type\":\"WebSite\",\"@id\":\"https:\/\/a-eb.org\/#website\",\"url\":\"https:\/\/a-eb.org\/\",\"name\":\"AEB-Aktive Eltern von Menschen mit Behinderung VFG | Bozen | S\u00fcdtirol\",\"description\":\"AEB-Aktive Eltern von Menschen mit Behinderung VFG\",\"potentialAction\":[{\"@type\":\"SearchAction\",\"target\":{\"@type\":\"EntryPoint\",\"urlTemplate\":\"https:\/\/a-eb.org\/?s={search_term_string}\"},\"query-input\":{\"@type\":\"PropertyValueSpecification\",\"valueRequired\":true,\"valueName\":\"search_term_string\"}}],\"inLanguage\":\"it-IT\"}]}<\/script>\n<!-- \/ Yoast SEO plugin. -->","yoast_head_json":{"title":"Val Pusteria - AEB-Aktive Eltern von Menschen mit Behinderung VFG | Bozen | S\u00fcdtirol","robots":{"index":"index","follow":"follow","max-snippet":"max-snippet:-1","max-image-preview":"max-image-preview:large","max-video-preview":"max-video-preview:-1"},"canonical":"https:\/\/a-eb.org\/it\/val-pusteria\/","og_locale":"it_IT","og_type":"article","og_title":"Val Pusteria - AEB-Aktive Eltern von Menschen mit Behinderung VFG | Bozen | S\u00fcdtirol","og_description":"[vc_row type=&#8221;in_container&#8221; full_screen_row_position=&#8221;middle&#8221; column_margin=&#8221;default&#8221; column_direction=&#8221;default&#8221; column_direction_tablet=&#8221;default&#8221; column_direction_phone=&#8221;default&#8221; scene_position=&#8221;center&#8221; text_color=&#8221;dark&#8221; text_align=&#8221;left&#8221; row_border_radius=&#8221;none&#8221; row_border_radius_applies=&#8221;bg&#8221; overflow=&#8221;visible&#8221; overlay_strength=&#8221;0.3&#8243; gradient_direction=&#8221;left_to_right&#8221; shape_divider_position=&#8221;bottom&#8221; bg_image_animation=&#8221;none&#8221;][vc_column column_padding=&#8221;no-extra-padding&#8221; column_padding_tablet=&#8221;inherit&#8221; column_padding_phone=&#8221;inherit&#8221;...","og_url":"https:\/\/a-eb.org\/it\/val-pusteria\/","og_site_name":"AEB-Aktive Eltern von Menschen mit Behinderung VFG | Bozen | S\u00fcdtirol","article_modified_time":"2025-10-07T09:54:01+00:00","og_image":[{"url":"https:\/\/a-eb.org\/wordpress\/wp-content\/uploads\/2025\/05\/10-Jahre-Projekt-Hond-in-Hond-15.05.2025-Dolomiten.png","type":"","width":"","height":""}],"twitter_card":"summary_large_image","twitter_misc":{"Tempo di lettura stimato":"3 minuti"},"schema":{"@context":"https:\/\/schema.org","@graph":[{"@type":"WebPage","@id":"https:\/\/a-eb.org\/it\/val-pusteria\/","url":"https:\/\/a-eb.org\/it\/val-pusteria\/","name":"Val Pusteria - AEB-Aktive Eltern von Menschen mit Behinderung VFG | Bozen | S\u00fcdtirol","isPartOf":{"@id":"https:\/\/a-eb.org\/#website"},"primaryImageOfPage":{"@id":"https:\/\/a-eb.org\/it\/val-pusteria\/#primaryimage"},"image":{"@id":"https:\/\/a-eb.org\/it\/val-pusteria\/#primaryimage"},"thumbnailUrl":"https:\/\/a-eb.org\/wordpress\/wp-content\/uploads\/2025\/05\/10-Jahre-Projekt-Hond-in-Hond-15.05.2025-Dolomiten.png","datePublished":"2025-05-05T14:24:52+00:00","dateModified":"2025-10-07T09:54:01+00:00","breadcrumb":{"@id":"https:\/\/a-eb.org\/it\/val-pusteria\/#breadcrumb"},"inLanguage":"it-IT","potentialAction":[{"@type":"ReadAction","target":["https:\/\/a-eb.org\/it\/val-pusteria\/"]}]},{"@type":"ImageObject","inLanguage":"it-IT","@id":"https:\/\/a-eb.org\/it\/val-pusteria\/#primaryimage","url":"https:\/\/a-eb.org\/wordpress\/wp-content\/uploads\/2025\/05\/10-Jahre-Projekt-Hond-in-Hond-15.05.2025-Dolomiten.png","contentUrl":"https:\/\/a-eb.org\/wordpress\/wp-content\/uploads\/2025\/05\/10-Jahre-Projekt-Hond-in-Hond-15.05.2025-Dolomiten.png"},{"@type":"BreadcrumbList","@id":"https:\/\/a-eb.org\/it\/val-pusteria\/#breadcrumb","itemListElement":[{"@type":"ListItem","position":1,"name":"Startseite","item":"https:\/\/a-eb.org\/it\/"},{"@type":"ListItem","position":2,"name":"Val Pusteria"}]},{"@type":"WebSite","@id":"https:\/\/a-eb.org\/#website","url":"https:\/\/a-eb.org\/","name":"AEB-Aktive Eltern von Menschen mit Behinderung VFG | Bozen | S\u00fcdtirol","description":"AEB-Aktive Eltern von Menschen mit Behinderung VFG","potentialAction":[{"@type":"SearchAction","target":{"@type":"EntryPoint","urlTemplate":"https:\/\/a-eb.org\/?s={search_term_string}"},"query-input":{"@type":"PropertyValueSpecification","valueRequired":true,"valueName":"search_term_string"}}],"inLanguage":"it-IT"}]}},"_links":{"self":[{"href":"https:\/\/a-eb.org\/it\/wp-json\/wp\/v2\/pages\/9381","targetHints":{"allow":["GET"]}}],"collection":[{"href":"https:\/\/a-eb.org\/it\/wp-json\/wp\/v2\/pages"}],"about":[{"href":"https:\/\/a-eb.org\/it\/wp-json\/wp\/v2\/types\/page"}],"author":[{"embeddable":true,"href":"https:\/\/a-eb.org\/it\/wp-json\/wp\/v2\/users\/5"}],"replies":[{"embeddable":true,"href":"https:\/\/a-eb.org\/it\/wp-json\/wp\/v2\/comments?post=9381"}],"version-history":[{"count":14,"href":"https:\/\/a-eb.org\/it\/wp-json\/wp\/v2\/pages\/9381\/revisions"}],"predecessor-version":[{"id":10319,"href":"https:\/\/a-eb.org\/it\/wp-json\/wp\/v2\/pages\/9381\/revisions\/10319"}],"wp:attachment":[{"href":"https:\/\/a-eb.org\/it\/wp-json\/wp\/v2\/media?parent=9381"}],"curies":[{"name":"wp","href":"https:\/\/api.w.org\/{rel}","templated":true}]}}