{"id":5606,"date":"2023-11-23T16:38:40","date_gmt":"2023-11-23T15:38:40","guid":{"rendered":"https:\/\/a-eb.org\/progetto-gruppo-lovt-pronti-e-via\/"},"modified":"2023-11-30T14:23:53","modified_gmt":"2023-11-30T13:23:53","slug":"progetto-gruppo-lovt-pronti-e-via","status":"publish","type":"page","link":"https:\/\/a-eb.org\/it\/progetto-gruppo-lovt-pronti-e-via\/","title":{"rendered":"PROGETTO: Gruppo LOVT- PRONTI E VIA"},"content":{"rendered":"[vc_row type=&#8221;in_container&#8221; full_screen_row_position=&#8221;middle&#8221; column_margin=&#8221;default&#8221; column_direction=&#8221;default&#8221; column_direction_tablet=&#8221;default&#8221; column_direction_phone=&#8221;default&#8221; scene_position=&#8221;center&#8221; text_color=&#8221;dark&#8221; text_align=&#8221;left&#8221; row_border_radius=&#8221;none&#8221; row_border_radius_applies=&#8221;bg&#8221; overflow=&#8221;visible&#8221; overlay_strength=&#8221;0.3&#8243; gradient_direction=&#8221;left_to_right&#8221; shape_divider_position=&#8221;bottom&#8221; bg_image_animation=&#8221;none&#8221;][vc_column column_padding=&#8221;no-extra-padding&#8221; column_padding_tablet=&#8221;inherit&#8221; column_padding_phone=&#8221;inherit&#8221; column_padding_position=&#8221;all&#8221; column_element_direction_desktop=&#8221;default&#8221; column_element_spacing=&#8221;default&#8221; desktop_text_alignment=&#8221;default&#8221; tablet_text_alignment=&#8221;default&#8221; phone_text_alignment=&#8221;default&#8221; background_color_opacity=&#8221;1&#8243; background_hover_color_opacity=&#8221;1&#8243; column_backdrop_filter=&#8221;none&#8221; column_shadow=&#8221;none&#8221; column_border_radius=&#8221;none&#8221; column_link_target=&#8221;_self&#8221; column_position=&#8221;default&#8221; gradient_direction=&#8221;left_to_right&#8221; overlay_strength=&#8221;0.3&#8243; width=&#8221;1\/1&#8243; tablet_width_inherit=&#8221;default&#8221; animation_type=&#8221;default&#8221; bg_image_animation=&#8221;none&#8221; border_type=&#8221;simple&#8221; column_border_width=&#8221;none&#8221; column_border_style=&#8221;solid&#8221;][vc_column_text]\n<h1><strong>Progetto: Gruppo LOVT-PRONTI E VIA &#8211; una strategia per rafforzare il potenziale dei giovani con disabilit\u00e0<\/strong><\/h1>\n[\/vc_column_text][image_with_animation image_url=&#8221;5581&#8243; image_size=&#8221;full&#8221; animation_type=&#8221;entrance&#8221; animation=&#8221;None&#8221; animation_movement_type=&#8221;transform_y&#8221; hover_animation=&#8221;none&#8221; alignment=&#8221;&#8221; border_radius=&#8221;none&#8221; box_shadow=&#8221;none&#8221; image_loading=&#8221;default&#8221; max_width=&#8221;100%&#8221; max_width_mobile=&#8221;default&#8221;][vc_column_text]Durante l\u2019adolescenza, i ragazzi con disabilit\u00e0, come i loro coetanei non disabili, affrontano la sfida della crescita. Questo \u00e8 un momento in cui il corpo e la mente cambiano e la ricerca di identit\u00e0 e indipendenza emerge. Tuttavia, questo pu\u00f2 spesso essere ancora pi\u00f9 complesso per i giovani con disabilit\u00e0, poich\u00e9 potrebbero essere meno capaci di comprendere i cambiamenti. Durante questa fase di transizione, molte persone imparano ad andare a scuola o a lavorare in modo indipendente, a sviluppare interessi personali, a gestire il denaro e a costruire amicizie. Alcuni addirittura vanno ad abitare per conto proprio.<\/p>\n<p>In questo momento di cambiamento e scoperta di s\u00e9, non dobbiamo trascurare l\u2019importanza di sviluppare ulteriormente le competenze linguistiche e scolastiche nei giovani con disabilit\u00e0. Una delle sfide pi\u00f9 grandi nell\u2019adolescenza \u00e8 sviluppare una forte autostima, soprattutto come persona con disabilit\u00e0.<\/p>\n<p>I temi come la vicinanza e la distanza, l&#8217;igiene personale e la comprensione del risveglio della sessualit\u00e0 sono ulteriori aspetti che in questa fase della vita devono essere accompagnati con pazienza ed empatia. \u00c8 della massima importanza accompagnare con attenzione questa fase della vita dei giovani con disabilit\u00e0. Alcuni adolescenti potrebbero presentare dei tratti autistici o sviluppare altri modelli di comportamento insoliti. \u00c8 quindi fondamentale identificare tali sviluppi in una fase iniziale e fornire un sostegno adeguato.<\/p>\n<p>Il gruppo Pronti e via, sotto la guida competente della Sig.ra Sabine Berndt, che non \u00e8 solo una terapista esperta, ma conduce anche corsi di formazione per terapisti e formatori LOVT\/TeBa ed \u00e8 un&#8217;esperta nella terapia assistita con animali, si dedica principalmente alla terapia mirata a sostenere adolescenti e giovani adulti in questi ambiti cruciali della vita.<\/p>\n<p><strong>Il focus del nostro gruppo Pronti e via \u00e8 quello di promuovere:<\/strong><br \/>\n\u2022 costruzione del gruppo e creazione di una comunit\u00e0 solidale;<br \/>\n\u2022 sicurezza e fiducia come basi per la crescita personale;<br \/>\n\u2022 abilit\u00e0 comunicative e formazione all&#8217;interazione sociale;<br \/>\n\u2022 tolleranza della frustrazione e superamento delle sfide;<br \/>\n\u2022 capacit\u00e0 di avere cura di s\u00e9 e di auto-aiuto per una vita autodeterminata;<br \/>\n\u2022 affrontare con sensibilit\u00e0 le questioni relative alla sessualit\u00e0 e alle relazioni;<br \/>\n\u2022 lo sviluppo delle amicizie e l&#8217;organizzazione significativa del tempo libero.<\/p>\n<p>Siamo fermamente convinti che la promozione del potenziale individuale e la creazione di condizioni positive nell\u2019ambiente sociale siano cruciali per l\u2019autonomia e la qualit\u00e0 della vita degli adolescenti e dei giovani adulti con disabilit\u00e0. Le nostre misure mirano a contrastare efficacemente i possibili ritardi dello sviluppo che possono verificarsi nei giovani con disabilit\u00e0. Il sostegno della comunit\u00e0 e il coinvolgimento dei genitori sono quindi parti importanti del nostro concetto.<br \/>\n<strong>Obiettivi del nostro gruppo di discussione all\u2019interno del gruppo \u201cPronti e via\u201d:<\/strong><br \/>\n\u2022 facilitare il passaggio da bambino ad adolescente\/adulto;<br \/>\n\u2022 creare un ambiente giovanile favorevole in gruppi con persone che la pensano allo stesso modo;<br \/>\n\u2022 conoscere e comprendere la cultura giovanile e le regole sociali;<br \/>\n\u2022 implementare e vivere l\u2019inclusione come principio guida.<\/p>\n<p>Siamo fermamente convinti che il gruppo LOVT Pronti e via possa dare un contributo decisivo per garantire che i giovani con disabilit\u00e0 possano sviluppare il proprio potenziale per condurre una vita autonoma e appagante. Creiamo un&#8217;atmosfera di fiducia e sostegno in cui possano scoprire i propri punti di forza e rafforzare la propria autodeterminazione.<br \/>\n<strong><br \/>\nIl gruppo LOVT &#8220;Pronti e via&#8221; &#8211; per un futuro inclusivo e solidale.<\/strong><\/p>\n<p><strong>Responsabile del progetto:<br \/>\n<\/strong>LOVT TeBa Centro di formazione<br \/>\n(psicoterapista secondo la legge HP, terapista occupazionale, terapista dell&#8217;apprendimento, terapista comportamentale, terapia familiare sistematica, terapia LOVT\/TeBa, terapia assistita con animali)<br \/>\nM\u00fchlweg 13<br \/>\nD &#8211; 82398 Polling<br \/>\nE-Mail: <a href=\"mailto:praxis@lovt-teba-berndt.de\">praxis@lovt-teba-berndt.de<\/a><br \/>\nTel. 08802 0137531<br \/>\nPagina Web: <a href=\"http:\/\/www.lovt-teba-berndt.de\">www.lovt-teba-berndt.de<\/a><\/p>\n<p><strong>Organizzatori del progetto:<br \/>\n<\/strong>AEB-Genitori attivi per l\u2019inclusione di persone con disabilit\u00e0 APS<br \/>\nVia Galileo-Galilei 4\/a<br \/>\n39100 Bolzano<br \/>\nTel. 0471\/289100<br \/>\nE-Mail: <a href=\"mailto:info@a-eb.net\">info@a-eb.net<\/a><br \/>\nPagina Web: <a href=\"http:\/\/www.a-eb.net\">www.a-eb.net<\/a>[\/vc_column_text][vc_column_text]\n<h1>Incontri 2024:<\/h1>\n<p><span style=\"color: #ff0000;\">1.\u00a0\u00a0 DO 14.01.24 09.30 \u2013 16.00 Uhr Incontro di prova<\/span><br \/>\n<span style=\"color: #ff0000;\">2. \u00a0 DO 11.02.24 09.30 \u2013 16.00 Uhr Incontro di prova<\/span><br \/>\n3.\u00a0\u00a0 DO 17.03.24 09.30 \u2013 16.00 Uhr<br \/>\n4.\u00a0\u00a0 DO 28.04.24 09.30 \u2013 16.00 Uhr<br \/>\n5.\u00a0\u00a0 DO 19.05.24 09.30 \u2013 16.00 Uhr<br \/>\n6.\u00a0\u00a0 DO 09.06.24 09.30 \u2013 16.00 Uhr<br \/>\n7.\u00a0\u00a0 DO 07.07.24 09.30 \u2013 16.00 Uhr<br \/>\n8. \u00a0 DO 25.08.24 09.30 \u2013 16.00 Uhr<br \/>\n9.\u00a0\u00a0 DO 29.09.24 09.30 \u2013 16.00 Uhr<br \/>\n10. DO 27.10.24 09.30 \u2013 16.00 Uhr<br \/>\n11. DO 24.11.24 09.30 \u2013 16.00 Uhr<br \/>\n12. DO 15.12.24 09.30 \u2013 16.00 Uhr<\/p>\n<h2><span style=\"color: #ff0000;\">Attenzione: Questo progetto si svolger\u00e0 solo in lingua tedesca<\/span><\/h2>\n[\/vc_column_text][\/vc_column][\/vc_row]\n","protected":false},"excerpt":{"rendered":"<p>[vc_row type=&#8221;in_container&#8221; full_screen_row_position=&#8221;middle&#8221; column_margin=&#8221;default&#8221; column_direction=&#8221;default&#8221; column_direction_tablet=&#8221;default&#8221; column_direction_phone=&#8221;default&#8221; scene_position=&#8221;center&#8221; text_color=&#8221;dark&#8221; text_align=&#8221;left&#8221; row_border_radius=&#8221;none&#8221; row_border_radius_applies=&#8221;bg&#8221; overflow=&#8221;visible&#8221; overlay_strength=&#8221;0.3&#8243; gradient_direction=&#8221;left_to_right&#8221; shape_divider_position=&#8221;bottom&#8221; bg_image_animation=&#8221;none&#8221;][vc_column column_padding=&#8221;no-extra-padding&#8221; column_padding_tablet=&#8221;inherit&#8221; column_padding_phone=&#8221;inherit&#8221;&#8230;<\/p>\n","protected":false},"author":5,"featured_media":0,"parent":0,"menu_order":0,"comment_status":"closed","ping_status":"closed","template":"","meta":{"footnotes":""},"class_list":["post-5606","page","type-page","status-publish"],"yoast_head":"<!-- This site is optimized with the Yoast SEO plugin v26.6 - https:\/\/yoast.com\/wordpress\/plugins\/seo\/ -->\n<title>PROGETTO: Gruppo LOVT- PRONTI E VIA - AEB-Aktive Eltern von Menschen mit Behinderung VFG | Bozen | S\u00fcdtirol<\/title>\n<meta name=\"robots\" content=\"index, follow, max-snippet:-1, max-image-preview:large, max-video-preview:-1\" \/>\n<link rel=\"canonical\" href=\"https:\/\/a-eb.org\/it\/progetto-gruppo-lovt-pronti-e-via\/\" \/>\n<meta property=\"og:locale\" content=\"it_IT\" \/>\n<meta property=\"og:type\" content=\"article\" \/>\n<meta property=\"og:title\" content=\"PROGETTO: Gruppo LOVT- PRONTI E VIA - AEB-Aktive Eltern von Menschen mit Behinderung VFG | Bozen | S\u00fcdtirol\" \/>\n<meta property=\"og:description\" content=\"[vc_row type=&#8221;in_container&#8221; full_screen_row_position=&#8221;middle&#8221; column_margin=&#8221;default&#8221; column_direction=&#8221;default&#8221; column_direction_tablet=&#8221;default&#8221; column_direction_phone=&#8221;default&#8221; scene_position=&#8221;center&#8221; text_color=&#8221;dark&#8221; text_align=&#8221;left&#8221; row_border_radius=&#8221;none&#8221; row_border_radius_applies=&#8221;bg&#8221; overflow=&#8221;visible&#8221; overlay_strength=&#8221;0.3&#8243; gradient_direction=&#8221;left_to_right&#8221; shape_divider_position=&#8221;bottom&#8221; bg_image_animation=&#8221;none&#8221;][vc_column column_padding=&#8221;no-extra-padding&#8221; column_padding_tablet=&#8221;inherit&#8221; column_padding_phone=&#8221;inherit&#8221;...\" \/>\n<meta property=\"og:url\" content=\"https:\/\/a-eb.org\/it\/progetto-gruppo-lovt-pronti-e-via\/\" \/>\n<meta property=\"og:site_name\" content=\"AEB-Aktive Eltern von Menschen mit Behinderung VFG | Bozen | S\u00fcdtirol\" \/>\n<meta property=\"article:modified_time\" content=\"2023-11-30T13:23:53+00:00\" \/>\n<meta name=\"twitter:card\" content=\"summary_large_image\" \/>\n<meta name=\"twitter:label1\" content=\"Tempo di lettura stimato\" \/>\n\t<meta name=\"twitter:data1\" content=\"4 minuti\" \/>\n<script type=\"application\/ld+json\" class=\"yoast-schema-graph\">{\"@context\":\"https:\/\/schema.org\",\"@graph\":[{\"@type\":\"WebPage\",\"@id\":\"https:\/\/a-eb.org\/it\/progetto-gruppo-lovt-pronti-e-via\/\",\"url\":\"https:\/\/a-eb.org\/it\/progetto-gruppo-lovt-pronti-e-via\/\",\"name\":\"PROGETTO: Gruppo LOVT- PRONTI E VIA - AEB-Aktive Eltern von Menschen mit Behinderung VFG | Bozen | S\u00fcdtirol\",\"isPartOf\":{\"@id\":\"https:\/\/a-eb.org\/#website\"},\"datePublished\":\"2023-11-23T15:38:40+00:00\",\"dateModified\":\"2023-11-30T13:23:53+00:00\",\"breadcrumb\":{\"@id\":\"https:\/\/a-eb.org\/it\/progetto-gruppo-lovt-pronti-e-via\/#breadcrumb\"},\"inLanguage\":\"it-IT\",\"potentialAction\":[{\"@type\":\"ReadAction\",\"target\":[\"https:\/\/a-eb.org\/it\/progetto-gruppo-lovt-pronti-e-via\/\"]}]},{\"@type\":\"BreadcrumbList\",\"@id\":\"https:\/\/a-eb.org\/it\/progetto-gruppo-lovt-pronti-e-via\/#breadcrumb\",\"itemListElement\":[{\"@type\":\"ListItem\",\"position\":1,\"name\":\"Startseite\",\"item\":\"https:\/\/a-eb.org\/it\/\"},{\"@type\":\"ListItem\",\"position\":2,\"name\":\"PROGETTO: Gruppo LOVT- PRONTI E VIA\"}]},{\"@type\":\"WebSite\",\"@id\":\"https:\/\/a-eb.org\/#website\",\"url\":\"https:\/\/a-eb.org\/\",\"name\":\"AEB-Aktive Eltern von Menschen mit Behinderung VFG | Bozen | S\u00fcdtirol\",\"description\":\"AEB-Aktive Eltern von Menschen mit Behinderung VFG\",\"potentialAction\":[{\"@type\":\"SearchAction\",\"target\":{\"@type\":\"EntryPoint\",\"urlTemplate\":\"https:\/\/a-eb.org\/?s={search_term_string}\"},\"query-input\":{\"@type\":\"PropertyValueSpecification\",\"valueRequired\":true,\"valueName\":\"search_term_string\"}}],\"inLanguage\":\"it-IT\"}]}<\/script>\n<!-- \/ Yoast SEO plugin. -->","yoast_head_json":{"title":"PROGETTO: Gruppo LOVT- PRONTI E VIA - AEB-Aktive Eltern von Menschen mit Behinderung VFG | Bozen | S\u00fcdtirol","robots":{"index":"index","follow":"follow","max-snippet":"max-snippet:-1","max-image-preview":"max-image-preview:large","max-video-preview":"max-video-preview:-1"},"canonical":"https:\/\/a-eb.org\/it\/progetto-gruppo-lovt-pronti-e-via\/","og_locale":"it_IT","og_type":"article","og_title":"PROGETTO: Gruppo LOVT- PRONTI E VIA - AEB-Aktive Eltern von Menschen mit Behinderung VFG | Bozen | S\u00fcdtirol","og_description":"[vc_row type=&#8221;in_container&#8221; full_screen_row_position=&#8221;middle&#8221; column_margin=&#8221;default&#8221; column_direction=&#8221;default&#8221; column_direction_tablet=&#8221;default&#8221; column_direction_phone=&#8221;default&#8221; scene_position=&#8221;center&#8221; text_color=&#8221;dark&#8221; text_align=&#8221;left&#8221; row_border_radius=&#8221;none&#8221; row_border_radius_applies=&#8221;bg&#8221; overflow=&#8221;visible&#8221; overlay_strength=&#8221;0.3&#8243; gradient_direction=&#8221;left_to_right&#8221; shape_divider_position=&#8221;bottom&#8221; bg_image_animation=&#8221;none&#8221;][vc_column column_padding=&#8221;no-extra-padding&#8221; column_padding_tablet=&#8221;inherit&#8221; column_padding_phone=&#8221;inherit&#8221;...","og_url":"https:\/\/a-eb.org\/it\/progetto-gruppo-lovt-pronti-e-via\/","og_site_name":"AEB-Aktive Eltern von Menschen mit Behinderung VFG | Bozen | S\u00fcdtirol","article_modified_time":"2023-11-30T13:23:53+00:00","twitter_card":"summary_large_image","twitter_misc":{"Tempo di lettura stimato":"4 minuti"},"schema":{"@context":"https:\/\/schema.org","@graph":[{"@type":"WebPage","@id":"https:\/\/a-eb.org\/it\/progetto-gruppo-lovt-pronti-e-via\/","url":"https:\/\/a-eb.org\/it\/progetto-gruppo-lovt-pronti-e-via\/","name":"PROGETTO: Gruppo LOVT- PRONTI E VIA - AEB-Aktive Eltern von Menschen mit Behinderung VFG | Bozen | S\u00fcdtirol","isPartOf":{"@id":"https:\/\/a-eb.org\/#website"},"datePublished":"2023-11-23T15:38:40+00:00","dateModified":"2023-11-30T13:23:53+00:00","breadcrumb":{"@id":"https:\/\/a-eb.org\/it\/progetto-gruppo-lovt-pronti-e-via\/#breadcrumb"},"inLanguage":"it-IT","potentialAction":[{"@type":"ReadAction","target":["https:\/\/a-eb.org\/it\/progetto-gruppo-lovt-pronti-e-via\/"]}]},{"@type":"BreadcrumbList","@id":"https:\/\/a-eb.org\/it\/progetto-gruppo-lovt-pronti-e-via\/#breadcrumb","itemListElement":[{"@type":"ListItem","position":1,"name":"Startseite","item":"https:\/\/a-eb.org\/it\/"},{"@type":"ListItem","position":2,"name":"PROGETTO: Gruppo LOVT- PRONTI E VIA"}]},{"@type":"WebSite","@id":"https:\/\/a-eb.org\/#website","url":"https:\/\/a-eb.org\/","name":"AEB-Aktive Eltern von Menschen mit Behinderung VFG | Bozen | S\u00fcdtirol","description":"AEB-Aktive Eltern von Menschen mit Behinderung VFG","potentialAction":[{"@type":"SearchAction","target":{"@type":"EntryPoint","urlTemplate":"https:\/\/a-eb.org\/?s={search_term_string}"},"query-input":{"@type":"PropertyValueSpecification","valueRequired":true,"valueName":"search_term_string"}}],"inLanguage":"it-IT"}]}},"_links":{"self":[{"href":"https:\/\/a-eb.org\/it\/wp-json\/wp\/v2\/pages\/5606","targetHints":{"allow":["GET"]}}],"collection":[{"href":"https:\/\/a-eb.org\/it\/wp-json\/wp\/v2\/pages"}],"about":[{"href":"https:\/\/a-eb.org\/it\/wp-json\/wp\/v2\/types\/page"}],"author":[{"embeddable":true,"href":"https:\/\/a-eb.org\/it\/wp-json\/wp\/v2\/users\/5"}],"replies":[{"embeddable":true,"href":"https:\/\/a-eb.org\/it\/wp-json\/wp\/v2\/comments?post=5606"}],"version-history":[{"count":10,"href":"https:\/\/a-eb.org\/it\/wp-json\/wp\/v2\/pages\/5606\/revisions"}],"predecessor-version":[{"id":5648,"href":"https:\/\/a-eb.org\/it\/wp-json\/wp\/v2\/pages\/5606\/revisions\/5648"}],"wp:attachment":[{"href":"https:\/\/a-eb.org\/it\/wp-json\/wp\/v2\/media?parent=5606"}],"curies":[{"name":"wp","href":"https:\/\/api.w.org\/{rel}","templated":true}]}}