{"id":4996,"date":"2023-07-27T09:43:28","date_gmt":"2023-07-27T07:43:28","guid":{"rendered":"https:\/\/a-eb.org\/lingua-in-movimento\/"},"modified":"2023-07-27T09:52:24","modified_gmt":"2023-07-27T07:52:24","slug":"lingua-in-movimento","status":"publish","type":"page","link":"https:\/\/a-eb.org\/it\/lingua-in-movimento\/","title":{"rendered":"Lingua in movimento"},"content":{"rendered":"[vc_row type=&#8221;in_container&#8221; full_screen_row_position=&#8221;middle&#8221; column_margin=&#8221;default&#8221; column_direction=&#8221;default&#8221; column_direction_tablet=&#8221;default&#8221; column_direction_phone=&#8221;default&#8221; scene_position=&#8221;center&#8221; text_color=&#8221;dark&#8221; text_align=&#8221;left&#8221; row_border_radius=&#8221;none&#8221; row_border_radius_applies=&#8221;bg&#8221; overflow=&#8221;visible&#8221; overlay_strength=&#8221;0.3&#8243; gradient_direction=&#8221;left_to_right&#8221; shape_divider_position=&#8221;bottom&#8221; bg_image_animation=&#8221;none&#8221;][vc_column column_padding=&#8221;no-extra-padding&#8221; column_padding_tablet=&#8221;inherit&#8221; column_padding_phone=&#8221;inherit&#8221; column_padding_position=&#8221;all&#8221; column_element_direction_desktop=&#8221;default&#8221; column_element_spacing=&#8221;default&#8221; desktop_text_alignment=&#8221;default&#8221; tablet_text_alignment=&#8221;default&#8221; phone_text_alignment=&#8221;default&#8221; background_color_opacity=&#8221;1&#8243; background_hover_color_opacity=&#8221;1&#8243; column_backdrop_filter=&#8221;none&#8221; column_shadow=&#8221;none&#8221; column_border_radius=&#8221;none&#8221; column_link_target=&#8221;_self&#8221; column_position=&#8221;default&#8221; gradient_direction=&#8221;left_to_right&#8221; overlay_strength=&#8221;0.3&#8243; width=&#8221;1\/1&#8243; tablet_width_inherit=&#8221;default&#8221; animation_type=&#8221;default&#8221; bg_image_animation=&#8221;none&#8221; border_type=&#8221;simple&#8221; column_border_width=&#8221;none&#8221; column_border_style=&#8221;solid&#8221;][vc_column_text]\n<h2><strong>Lingua in movimento<\/strong><\/h2>\n<p>Un totale di 8 famiglie con bambini affetti dalla Sindrome di Down e i loro fratelli hanno partecipato alla settimana di progetto intitolata &#8220;Bewegte Sprache&#8221; dall&#8217;11 al 15.07.2022 presso la Scuola tecnica per l&#8217;agricoltura e l&#8217;economia domestica di Salern, nella sua seconda edizione di quest\u2019anno.<\/p>\n<p>Evelyn Oberjakober (terapista occupazionale), Sofia Mair (responsabile dell&#8217;assistenza ai fratelli), il volontario Laurin Gamper, il cane da terapia Nala e il calore e l&#8217;approccio amichevole della scuola hanno aiutato queste famiglie a trascorrere una splendida settimana a Salern. La struttura della casa e soprattutto l&#8217;infrastruttura con il giardino e il bosco nelle vicinanze hanno offerto ampie opportunit\u00e0 di esercizio, gioco e riposo. Il personale della struttura \u00e8 stato molto accomodante e non \u00e8 stato un problema esaudire le nostre richieste speciali, come la cottura dei bocconcini per cani nel forno o la preparazione dell&#8217;impasto per il pane.<br \/>\nIl luogo e le persone, il programma della settimana erano gli stessi della scorsa estate, il che ha reso gli adulti e anche i bambini molto pi\u00f9 rilassati e tranquilli.<\/p>\n<p>Ogni giornata si \u00e8 concentrata su argomenti diversi come la voce, il respiro e l&#8217;articolazione, il canto, il laboratorio di scrittura, la grammatica, la motricit\u00e0 generale e mirata, il colloquio, il lavoro sul ritmo, l&#8217;attenzione e la centratura per imparare insieme. Le giornate sono state progettate in una sequenza strutturata. Prima di iniziare la giornata, dopo pranzo, prima e dopo cena, i genitori hanno potuto accedere a trattamenti Cranio Sacrali in sessioni individuali. In una sessione serale per i genitori, la giornata si \u00e8 conclusa con una revisione e una prospettiva per il giorno successivo. Gli obiettivi di questo progetto, come esplorare insieme la lingua, trasferire le situazioni di apprendimento nella vita quotidiana, imparare a riconoscere le proprie risorse, prendersi del tempo per respirare profondamente e rafforzare le relazioni, sperimentare la gioia e l&#8217;amicizia, ricaricare le batterie e rilassarsi in compagnia di altre famiglie, rafforzare l&#8217;autostima nella gestione del cane, sono stati ampiamente raggiunti.<br \/>\nNel complesso, \u00e8 stata una bella settimana colorata con molte nuove esperienze sotto un sole meraviglioso.<br \/>\nIl \u201cWaldosofa\u201d \u00e8 stato rinnovato e sono stati costruiti un percorso da fare a piedi nudi e una palestra di equilibrio.<br \/>\nLa passeggiata comune al vicino impianto Kneipp di Varna e il fresco rinfresco nell&#8217;acqua, il fuoco la sera con i bastoncini di pane da cuocere e la caccia al tesoro finale sono stati probabilmente i momenti pi\u00f9 belli per i bambini.<br \/>\n\u00c8 sempre bello vedere quanto i bambini imparino insieme e gli uni dagli altri in una sola settimana. I genitori sono stati coinvolti in modo molto creativo, non solo per i loro figli, ma per tutti.<br \/>\nAnche la responsabile del progetto, la signora Oberjakober, ha potuto portare via da questa settimana un ricco tesoro di idee, nuove possibilit\u00e0 e gioia.[\/vc_column_text][vc_gallery type=&#8221;flexslider_style&#8221; images=&#8221;4988,4992&#8243; onclick=&#8221;link_no&#8221;][vc_column_text]\n<h3>Ringraziamo per il sostegno<\/h3>\n[\/vc_column_text][image_with_animation image_url=&#8221;4888&#8243; image_size=&#8221;medium&#8221; animation_type=&#8221;entrance&#8221; animation=&#8221;None&#8221; animation_movement_type=&#8221;transform_y&#8221; hover_animation=&#8221;none&#8221; alignment=&#8221;&#8221; border_radius=&#8221;none&#8221; box_shadow=&#8221;none&#8221; image_loading=&#8221;default&#8221; max_width=&#8221;100%&#8221; max_width_mobile=&#8221;default&#8221;][\/vc_column][\/vc_row]\n","protected":false},"excerpt":{"rendered":"<p>[vc_row type=&#8221;in_container&#8221; full_screen_row_position=&#8221;middle&#8221; column_margin=&#8221;default&#8221; column_direction=&#8221;default&#8221; column_direction_tablet=&#8221;default&#8221; column_direction_phone=&#8221;default&#8221; scene_position=&#8221;center&#8221; text_color=&#8221;dark&#8221; text_align=&#8221;left&#8221; row_border_radius=&#8221;none&#8221; row_border_radius_applies=&#8221;bg&#8221; overflow=&#8221;visible&#8221; overlay_strength=&#8221;0.3&#8243; gradient_direction=&#8221;left_to_right&#8221; shape_divider_position=&#8221;bottom&#8221; bg_image_animation=&#8221;none&#8221;][vc_column column_padding=&#8221;no-extra-padding&#8221; column_padding_tablet=&#8221;inherit&#8221; column_padding_phone=&#8221;inherit&#8221;&#8230;<\/p>\n","protected":false},"author":5,"featured_media":0,"parent":0,"menu_order":0,"comment_status":"closed","ping_status":"closed","template":"","meta":{"footnotes":""},"class_list":["post-4996","page","type-page","status-publish"],"yoast_head":"<!-- This site is optimized with the Yoast SEO plugin v27.4 - https:\/\/yoast.com\/product\/yoast-seo-wordpress\/ -->\n<title>Lingua in movimento - AEB-Aktive Eltern von Menschen mit Behinderung VFG | Bozen | S\u00fcdtirol<\/title>\n<meta name=\"robots\" content=\"index, follow, max-snippet:-1, max-image-preview:large, max-video-preview:-1\" \/>\n<link rel=\"canonical\" href=\"https:\/\/a-eb.org\/it\/lingua-in-movimento\/\" \/>\n<meta property=\"og:locale\" content=\"it_IT\" \/>\n<meta property=\"og:type\" content=\"article\" \/>\n<meta property=\"og:title\" content=\"Lingua in movimento - AEB-Aktive Eltern von Menschen mit Behinderung VFG | Bozen | S\u00fcdtirol\" \/>\n<meta property=\"og:description\" content=\"[vc_row type=&#8221;in_container&#8221; full_screen_row_position=&#8221;middle&#8221; column_margin=&#8221;default&#8221; column_direction=&#8221;default&#8221; column_direction_tablet=&#8221;default&#8221; column_direction_phone=&#8221;default&#8221; scene_position=&#8221;center&#8221; text_color=&#8221;dark&#8221; text_align=&#8221;left&#8221; row_border_radius=&#8221;none&#8221; row_border_radius_applies=&#8221;bg&#8221; overflow=&#8221;visible&#8221; overlay_strength=&#8221;0.3&#8243; gradient_direction=&#8221;left_to_right&#8221; shape_divider_position=&#8221;bottom&#8221; bg_image_animation=&#8221;none&#8221;][vc_column column_padding=&#8221;no-extra-padding&#8221; column_padding_tablet=&#8221;inherit&#8221; column_padding_phone=&#8221;inherit&#8221;...\" \/>\n<meta property=\"og:url\" content=\"https:\/\/a-eb.org\/it\/lingua-in-movimento\/\" \/>\n<meta property=\"og:site_name\" content=\"AEB-Aktive Eltern von Menschen mit Behinderung VFG | Bozen | S\u00fcdtirol\" \/>\n<meta property=\"article:modified_time\" content=\"2023-07-27T07:52:24+00:00\" \/>\n<meta name=\"twitter:card\" content=\"summary_large_image\" \/>\n<meta name=\"twitter:label1\" content=\"Tempo di lettura stimato\" \/>\n\t<meta name=\"twitter:data1\" content=\"3 minuti\" \/>\n<script type=\"application\/ld+json\" class=\"yoast-schema-graph\">{\"@context\":\"https:\\\/\\\/schema.org\",\"@graph\":[{\"@type\":\"WebPage\",\"@id\":\"https:\\\/\\\/a-eb.org\\\/it\\\/lingua-in-movimento\\\/\",\"url\":\"https:\\\/\\\/a-eb.org\\\/it\\\/lingua-in-movimento\\\/\",\"name\":\"Lingua in movimento - AEB-Aktive Eltern von Menschen mit Behinderung VFG | Bozen | S\u00fcdtirol\",\"isPartOf\":{\"@id\":\"https:\\\/\\\/a-eb.org\\\/#website\"},\"datePublished\":\"2023-07-27T07:43:28+00:00\",\"dateModified\":\"2023-07-27T07:52:24+00:00\",\"breadcrumb\":{\"@id\":\"https:\\\/\\\/a-eb.org\\\/it\\\/lingua-in-movimento\\\/#breadcrumb\"},\"inLanguage\":\"it-IT\",\"potentialAction\":[{\"@type\":\"ReadAction\",\"target\":[\"https:\\\/\\\/a-eb.org\\\/it\\\/lingua-in-movimento\\\/\"]}]},{\"@type\":\"BreadcrumbList\",\"@id\":\"https:\\\/\\\/a-eb.org\\\/it\\\/lingua-in-movimento\\\/#breadcrumb\",\"itemListElement\":[{\"@type\":\"ListItem\",\"position\":1,\"name\":\"Startseite\",\"item\":\"https:\\\/\\\/a-eb.org\\\/it\\\/\"},{\"@type\":\"ListItem\",\"position\":2,\"name\":\"Lingua in movimento\"}]},{\"@type\":\"WebSite\",\"@id\":\"https:\\\/\\\/a-eb.org\\\/#website\",\"url\":\"https:\\\/\\\/a-eb.org\\\/\",\"name\":\"AEB-Aktive Eltern von Menschen mit Behinderung VFG | Bozen | S\u00fcdtirol\",\"description\":\"AEB-Aktive Eltern von Menschen mit Behinderung VFG\",\"potentialAction\":[{\"@type\":\"SearchAction\",\"target\":{\"@type\":\"EntryPoint\",\"urlTemplate\":\"https:\\\/\\\/a-eb.org\\\/?s={search_term_string}\"},\"query-input\":{\"@type\":\"PropertyValueSpecification\",\"valueRequired\":true,\"valueName\":\"search_term_string\"}}],\"inLanguage\":\"it-IT\"}]}<\/script>\n<!-- \/ Yoast SEO plugin. -->","yoast_head_json":{"title":"Lingua in movimento - AEB-Aktive Eltern von Menschen mit Behinderung VFG | Bozen | S\u00fcdtirol","robots":{"index":"index","follow":"follow","max-snippet":"max-snippet:-1","max-image-preview":"max-image-preview:large","max-video-preview":"max-video-preview:-1"},"canonical":"https:\/\/a-eb.org\/it\/lingua-in-movimento\/","og_locale":"it_IT","og_type":"article","og_title":"Lingua in movimento - AEB-Aktive Eltern von Menschen mit Behinderung VFG | Bozen | S\u00fcdtirol","og_description":"[vc_row type=&#8221;in_container&#8221; full_screen_row_position=&#8221;middle&#8221; column_margin=&#8221;default&#8221; column_direction=&#8221;default&#8221; column_direction_tablet=&#8221;default&#8221; column_direction_phone=&#8221;default&#8221; scene_position=&#8221;center&#8221; text_color=&#8221;dark&#8221; text_align=&#8221;left&#8221; row_border_radius=&#8221;none&#8221; row_border_radius_applies=&#8221;bg&#8221; overflow=&#8221;visible&#8221; overlay_strength=&#8221;0.3&#8243; gradient_direction=&#8221;left_to_right&#8221; shape_divider_position=&#8221;bottom&#8221; bg_image_animation=&#8221;none&#8221;][vc_column column_padding=&#8221;no-extra-padding&#8221; column_padding_tablet=&#8221;inherit&#8221; column_padding_phone=&#8221;inherit&#8221;...","og_url":"https:\/\/a-eb.org\/it\/lingua-in-movimento\/","og_site_name":"AEB-Aktive Eltern von Menschen mit Behinderung VFG | Bozen | S\u00fcdtirol","article_modified_time":"2023-07-27T07:52:24+00:00","twitter_card":"summary_large_image","twitter_misc":{"Tempo di lettura stimato":"3 minuti"},"schema":{"@context":"https:\/\/schema.org","@graph":[{"@type":"WebPage","@id":"https:\/\/a-eb.org\/it\/lingua-in-movimento\/","url":"https:\/\/a-eb.org\/it\/lingua-in-movimento\/","name":"Lingua in movimento - AEB-Aktive Eltern von Menschen mit Behinderung VFG | Bozen | S\u00fcdtirol","isPartOf":{"@id":"https:\/\/a-eb.org\/#website"},"datePublished":"2023-07-27T07:43:28+00:00","dateModified":"2023-07-27T07:52:24+00:00","breadcrumb":{"@id":"https:\/\/a-eb.org\/it\/lingua-in-movimento\/#breadcrumb"},"inLanguage":"it-IT","potentialAction":[{"@type":"ReadAction","target":["https:\/\/a-eb.org\/it\/lingua-in-movimento\/"]}]},{"@type":"BreadcrumbList","@id":"https:\/\/a-eb.org\/it\/lingua-in-movimento\/#breadcrumb","itemListElement":[{"@type":"ListItem","position":1,"name":"Startseite","item":"https:\/\/a-eb.org\/it\/"},{"@type":"ListItem","position":2,"name":"Lingua in movimento"}]},{"@type":"WebSite","@id":"https:\/\/a-eb.org\/#website","url":"https:\/\/a-eb.org\/","name":"AEB-Aktive Eltern von Menschen mit Behinderung VFG | Bozen | S\u00fcdtirol","description":"AEB-Aktive Eltern von Menschen mit Behinderung VFG","potentialAction":[{"@type":"SearchAction","target":{"@type":"EntryPoint","urlTemplate":"https:\/\/a-eb.org\/?s={search_term_string}"},"query-input":{"@type":"PropertyValueSpecification","valueRequired":true,"valueName":"search_term_string"}}],"inLanguage":"it-IT"}]}},"_links":{"self":[{"href":"https:\/\/a-eb.org\/it\/wp-json\/wp\/v2\/pages\/4996","targetHints":{"allow":["GET"]}}],"collection":[{"href":"https:\/\/a-eb.org\/it\/wp-json\/wp\/v2\/pages"}],"about":[{"href":"https:\/\/a-eb.org\/it\/wp-json\/wp\/v2\/types\/page"}],"author":[{"embeddable":true,"href":"https:\/\/a-eb.org\/it\/wp-json\/wp\/v2\/users\/5"}],"replies":[{"embeddable":true,"href":"https:\/\/a-eb.org\/it\/wp-json\/wp\/v2\/comments?post=4996"}],"version-history":[{"count":3,"href":"https:\/\/a-eb.org\/it\/wp-json\/wp\/v2\/pages\/4996\/revisions"}],"predecessor-version":[{"id":5001,"href":"https:\/\/a-eb.org\/it\/wp-json\/wp\/v2\/pages\/4996\/revisions\/5001"}],"wp:attachment":[{"href":"https:\/\/a-eb.org\/it\/wp-json\/wp\/v2\/media?parent=4996"}],"curies":[{"name":"wp","href":"https:\/\/api.w.org\/{rel}","templated":true}]}}