{"id":2782,"date":"2022-06-08T15:52:28","date_gmt":"2022-06-08T13:52:28","guid":{"rendered":"https:\/\/a-eb.org\/cosa-facciamo\/progetti\/olle-miteinond\/"},"modified":"2024-10-29T14:49:57","modified_gmt":"2024-10-29T13:49:57","slug":"olle-miteinond","status":"publish","type":"page","link":"https:\/\/a-eb.org\/it\/cosa-facciamo\/progetti\/olle-miteinond\/","title":{"rendered":"OLLA MITEINOND"},"content":{"rendered":"[vc_row type=&#8221;in_container&#8221; full_screen_row_position=&#8221;middle&#8221; column_margin=&#8221;default&#8221; column_direction=&#8221;default&#8221; column_direction_tablet=&#8221;default&#8221; column_direction_phone=&#8221;default&#8221; scene_position=&#8221;center&#8221; text_color=&#8221;dark&#8221; text_align=&#8221;left&#8221; row_border_radius=&#8221;none&#8221; row_border_radius_applies=&#8221;bg&#8221; overflow=&#8221;visible&#8221; overlay_strength=&#8221;0.3&#8243; gradient_direction=&#8221;left_to_right&#8221; shape_divider_position=&#8221;bottom&#8221; bg_image_animation=&#8221;none&#8221;][vc_column column_padding=&#8221;no-extra-padding&#8221; column_padding_tablet=&#8221;inherit&#8221; column_padding_phone=&#8221;inherit&#8221; column_padding_position=&#8221;all&#8221; column_element_direction_desktop=&#8221;default&#8221; column_element_spacing=&#8221;default&#8221; desktop_text_alignment=&#8221;default&#8221; tablet_text_alignment=&#8221;default&#8221; phone_text_alignment=&#8221;default&#8221; background_color_opacity=&#8221;1&#8243; background_hover_color_opacity=&#8221;1&#8243; column_backdrop_filter=&#8221;none&#8221; column_shadow=&#8221;none&#8221; column_border_radius=&#8221;none&#8221; column_link_target=&#8221;_self&#8221; column_position=&#8221;default&#8221; gradient_direction=&#8221;left_to_right&#8221; overlay_strength=&#8221;0.3&#8243; width=&#8221;1\/1&#8243; tablet_width_inherit=&#8221;default&#8221; animation_type=&#8221;default&#8221; bg_image_animation=&#8221;none&#8221; border_type=&#8221;simple&#8221; column_border_width=&#8221;none&#8221; column_border_style=&#8221;solid&#8221;][image_with_animation image_url=&#8221;5772&#8243; image_size=&#8221;medium_featured&#8221; animation_type=&#8221;entrance&#8221; animation=&#8221;Fade In&#8221; animation_easing=&#8221;default&#8221; animation_movement_type=&#8221;transform_y&#8221; hover_animation=&#8221;none&#8221; alignment=&#8221;&#8221; border_radius=&#8221;none&#8221; box_shadow=&#8221;none&#8221; image_loading=&#8221;default&#8221; max_width=&#8221;100%&#8221; max_width_mobile=&#8221;default&#8221;][divider line_type=&#8221;No Line&#8221;][vc_column_text css=&#8221;&#8221; text_direction=&#8221;default&#8221;]<strong>Progetto \u201eOLLA MITEINOND\u201c<\/strong><br \/>\nper giovani con disabilit\u00e0 per promuovere e rafforzare il loro potenziale<\/p>\n<p>La maggior parte dei giovani con disabilit\u00e0 attraversa le stesse fasi puberali degli altri adolescenti. Inoltre, il divario tra giovani con disabilit\u00e0 e giovani senza disabilit\u00e0 tende ad ampliarsi. \u00c8 quindi fondamentale per loro avere opportunit\u00e0 di incontrarsi, confrontarsi, imparare gli uni dagli altri e, cosa molto importante, semplicemente divertirsi.<\/p>\n<p>Questo periodo di crescita \u00e8 confuso anche per i giovani con disabilit\u00e0, complicato dal fatto che i cambiamenti spesso non sono facilmente comprensibili per loro. Si verificano processi di distacco e, si spera, un maggiore grado di indipendenza.<\/p>\n<p>L&#8217;offerta di questo progetto si rivolge a giovani con disabilit\u00e0, che possono utilizzare il gruppo per fare i primi passi verso una gestione autonoma della vita quotidiana e del tempo libero.<\/p>\n<p>In questo modo, la maggior parte di loro impara a gestire in autonomia il percorso verso la scuola o il lavoro, a sviluppare i propri interessi, a gestire il denaro da tasca, a creare amicizie e, eventualmente, a lasciare la casa. Inoltre, la sessualit\u00e0 e la scelta del partner diventano temi che devono essere affrontati con sensibilit\u00e0. Attivit\u00e0 sportive comuni, cos\u00ec come una dieta sana, sono importanti per contrastare le loro spesso passive attivit\u00e0 ricreative. Infine, \u00e8 fondamentale sviluppare una buona autostima come persone con disabilit\u00e0.<\/p>\n<p>Il giovane pu\u00f2 identificarsi con il suo gruppo, \u00e8 felice di farne parte, si percepisce sia autonomo che accolto nella comunit\u00e0 e contribuisce in modo costruttivo secondo le proprie capacit\u00e0.[\/vc_column_text][vc_column_text css=&#8221;&#8221; text_direction=&#8221;default&#8221;]Cliccare qui: <a href=\"https:\/\/a-eb.org\/wordpress\/wp-content\/uploads\/2024\/10\/Olla-miteinonond.mp4\">Ein Wochenende auf dem Burgerhof Video<\/a>[\/vc_column_text][vc_column_text css=&#8221;&#8221; text_direction=&#8221;default&#8221;]\n<h2>GRAZIE ai Harley Heads MC S\u00fcdtirol, che con la loro generosa donazione supportano finanziariamente questo prezioso progetto!&#8221;<\/h2>\n<p><img loading=\"lazy\" decoding=\"async\" class=\"alignnone size-full wp-image-7707\" src=\"https:\/\/a-eb.org\/wordpress\/wp-content\/uploads\/2024\/10\/Harley-Heads.png\" alt=\"\" width=\"144\" height=\"143\" srcset=\"https:\/\/a-eb.org\/wordpress\/wp-content\/uploads\/2024\/10\/Harley-Heads.png 144w, https:\/\/a-eb.org\/wordpress\/wp-content\/uploads\/2024\/10\/Harley-Heads-140x140.png 140w, https:\/\/a-eb.org\/wordpress\/wp-content\/uploads\/2024\/10\/Harley-Heads-100x100.png 100w\" sizes=\"auto, (max-width: 144px) 100vw, 144px\" \/>[\/vc_column_text][divider line_type=&#8221;No Line&#8221;][vc_column_text]<strong>Progetto &#8220;OLLA MITEINOND&#8221; 2022<br \/>\n<\/strong><\/p>\n<p>Il progetto &#8220;Olla Miteinond&#8221; che \u00e8 partito a fine settembre 2022 \u00e8 formato da un gruppo di 15 partecipanti, di cui 7 giovani donne e 8 giovani uomini.<\/p>\n<p><img loading=\"lazy\" decoding=\"async\" class=\"alignnone size-full wp-image-3669\" src=\"https:\/\/a-eb.org\/wordpress\/wp-content\/uploads\/2023\/02\/Foto-Bericht-2022-1.png\" alt=\"\" width=\"328\" height=\"246\" srcset=\"https:\/\/a-eb.org\/wordpress\/wp-content\/uploads\/2023\/02\/Foto-Bericht-2022-1.png 328w, https:\/\/a-eb.org\/wordpress\/wp-content\/uploads\/2023\/02\/Foto-Bericht-2022-1-300x225.png 300w\" sizes=\"auto, (max-width: 328px) 100vw, 328px\" \/><\/p>\n<p>La sala del comune di Pfalzen \u00e8 stata scelta come base per gli incontri mensili perch\u00e9 \u00e8 facile da raggiungere, ha stanze spaziose, \u00e8 dotata di una piccola cucina e si trova nelle immediate vicinanze di boschi e prati. La maggior parte dei partecipanti si conosce da tempo, se non addirittura da anni, cos\u00ec come la responsabile del progetto, Sonja Ellemunt (pedagogista teatrale freelance).<\/p>\n<p>Quindi il processo di ingresso in un nuovo gruppo si \u00e8 svolto rapidamente e senza problemi. I primi 4 incontri del 2022 sono stati caratterizzati da un esame orientato al processo dei temi &#8220;Io&#8221;, &#8220;Tu&#8221;, &#8220;Noi&#8221;, &#8220;Desideri\/Aspettative\/Idee&#8221;.<\/p>\n<p>Gi\u00e0 durante il primo incontro, il gruppo ha elaborato i propri desideri e le proprie idee per gli incontri del neonato progetto &#8220;Olla Miteinond&#8221; in un intenso scambio partecipativo. A tal fine, hanno concordato le 5 categorie attivit\u00e0, intrattenimento, relax, cibo e musica, alle quali hanno poi assegnato i vari desideri individuali.<\/p>\n<p>Sono stati scartati i suggerimenti a cui non tutti erano in grado di partecipare allo stesso modo. Inoltre, in una democrazia di base, \u00e8 stato deciso che tutte e le 5 categorie devono essere sempre prese in considerazione quando si pianificano i singoli incontri. A ogni incontro c&#8217;\u00e8 stata una fase di pianificazione di circa mezz&#8217;ora per l&#8217;incontro successivo, in cui \u00e8 stato annotato esattamente chi ha preso cosa, sono stati raccolti suggerimenti ed idee per l&#8217;incontro successivo e sono state annotate eventuali variazioni in aggiunta.<\/p>\n<p>Ognuno, quindi, ha contribuito all\u2019organizzazione degli incontri successivi. Da un lato, ci\u00f2 ha significato portare con s\u00e9 cibo, giochi o strumenti musicali, dall&#8217;altro, trattare gli altri in modo attento e rispettoso, partecipando attivamente agli incarichi ricevuti.<\/p>\n<p>Attraverso la pianificazione congiunta e autodeterminata e la successiva esecuzione pratica di varie attivit\u00e0, i partecipanti hanno sperimentato l&#8217;autoefficacia e un crescente senso di appartenenza e responsabilit\u00e0. Ci\u00f2 \u00e8 risultato evidente, tra l&#8217;altro, dal loro comportamento e dalle loro dichiarazioni di impegno e disponibilit\u00e0.<\/p>\n<table style=\"height: 5px;\" width=\"1111\">\n<tbody>\n<tr>\n<td width=\"616\"><\/td>\n<td width=\"489\"><\/td>\n<\/tr>\n<\/tbody>\n<\/table>\n[\/vc_column_text][vc_column_text]\n<h2 style=\"text-align: center;\">Ringraziamo per il sostegno<\/h2>\n[\/vc_column_text][image_with_animation image_url=&#8221;4889&#8243; image_size=&#8221;medium&#8221; animation_type=&#8221;entrance&#8221; animation=&#8221;None&#8221; animation_movement_type=&#8221;transform_y&#8221; hover_animation=&#8221;none&#8221; alignment=&#8221;center&#8221; border_radius=&#8221;none&#8221; box_shadow=&#8221;none&#8221; image_loading=&#8221;default&#8221; max_width=&#8221;100%&#8221; max_width_mobile=&#8221;default&#8221;][image_with_animation image_url=&#8221;4904&#8243; image_size=&#8221;medium_large&#8221; animation_type=&#8221;entrance&#8221; animation=&#8221;None&#8221; animation_movement_type=&#8221;transform_y&#8221; hover_animation=&#8221;none&#8221; alignment=&#8221;center&#8221; border_radius=&#8221;none&#8221; box_shadow=&#8221;none&#8221; image_loading=&#8221;default&#8221; max_width=&#8221;100%&#8221; max_width_mobile=&#8221;default&#8221;][vc_column_text]\n<p>&nbsp;<\/p>\n<p>&nbsp;<\/p>\n[\/vc_column_text][\/vc_column][\/vc_row][vc_row type=&#8221;in_container&#8221; full_screen_row_position=&#8221;middle&#8221; column_margin=&#8221;default&#8221; column_direction=&#8221;default&#8221; column_direction_tablet=&#8221;default&#8221; column_direction_phone=&#8221;default&#8221; scene_position=&#8221;center&#8221; text_color=&#8221;dark&#8221; text_align=&#8221;left&#8221; row_border_radius=&#8221;none&#8221; row_border_radius_applies=&#8221;bg&#8221; overflow=&#8221;visible&#8221; overlay_strength=&#8221;0.3&#8243; gradient_direction=&#8221;left_to_right&#8221; shape_divider_position=&#8221;bottom&#8221; bg_image_animation=&#8221;none&#8221;][vc_column column_padding=&#8221;no-extra-padding&#8221; column_padding_tablet=&#8221;inherit&#8221; column_padding_phone=&#8221;inherit&#8221; column_padding_position=&#8221;all&#8221; column_element_direction_desktop=&#8221;default&#8221; column_element_spacing=&#8221;default&#8221; desktop_text_alignment=&#8221;default&#8221; tablet_text_alignment=&#8221;default&#8221; phone_text_alignment=&#8221;default&#8221; background_color_opacity=&#8221;1&#8243; background_hover_color_opacity=&#8221;1&#8243; column_backdrop_filter=&#8221;none&#8221; column_shadow=&#8221;none&#8221; column_border_radius=&#8221;none&#8221; column_link_target=&#8221;_self&#8221; column_position=&#8221;default&#8221; gradient_direction=&#8221;left_to_right&#8221; overlay_strength=&#8221;0.3&#8243; width=&#8221;1\/1&#8243; tablet_width_inherit=&#8221;default&#8221; animation_type=&#8221;default&#8221; bg_image_animation=&#8221;none&#8221; border_type=&#8221;simple&#8221; column_border_width=&#8221;none&#8221; column_border_style=&#8221;solid&#8221;][\/vc_column][\/vc_row]\n","protected":false},"excerpt":{"rendered":"<p>[vc_row type=&#8221;in_container&#8221; full_screen_row_position=&#8221;middle&#8221; column_margin=&#8221;default&#8221; column_direction=&#8221;default&#8221; column_direction_tablet=&#8221;default&#8221; column_direction_phone=&#8221;default&#8221; scene_position=&#8221;center&#8221; text_color=&#8221;dark&#8221; text_align=&#8221;left&#8221; row_border_radius=&#8221;none&#8221; row_border_radius_applies=&#8221;bg&#8221; overflow=&#8221;visible&#8221; overlay_strength=&#8221;0.3&#8243; gradient_direction=&#8221;left_to_right&#8221; shape_divider_position=&#8221;bottom&#8221; bg_image_animation=&#8221;none&#8221;][vc_column column_padding=&#8221;no-extra-padding&#8221; column_padding_tablet=&#8221;inherit&#8221; column_padding_phone=&#8221;inherit&#8221;&#8230;<\/p>\n","protected":false},"author":5,"featured_media":0,"parent":2124,"menu_order":0,"comment_status":"closed","ping_status":"closed","template":"","meta":{"footnotes":""},"class_list":["post-2782","page","type-page","status-publish"],"yoast_head":"<!-- This site is optimized with the Yoast SEO plugin v26.6 - https:\/\/yoast.com\/wordpress\/plugins\/seo\/ -->\n<title>OLLA MITEINOND - AEB-Aktive Eltern von Menschen mit Behinderung VFG | Bozen | S\u00fcdtirol<\/title>\n<meta name=\"robots\" content=\"index, follow, max-snippet:-1, max-image-preview:large, max-video-preview:-1\" \/>\n<link rel=\"canonical\" href=\"https:\/\/a-eb.org\/it\/cosa-facciamo\/progetti\/olle-miteinond\/\" \/>\n<meta property=\"og:locale\" content=\"it_IT\" \/>\n<meta property=\"og:type\" content=\"article\" \/>\n<meta property=\"og:title\" content=\"OLLA MITEINOND - AEB-Aktive Eltern von Menschen mit Behinderung VFG | Bozen | S\u00fcdtirol\" \/>\n<meta property=\"og:description\" content=\"[vc_row type=&#8221;in_container&#8221; full_screen_row_position=&#8221;middle&#8221; column_margin=&#8221;default&#8221; column_direction=&#8221;default&#8221; column_direction_tablet=&#8221;default&#8221; column_direction_phone=&#8221;default&#8221; scene_position=&#8221;center&#8221; text_color=&#8221;dark&#8221; text_align=&#8221;left&#8221; row_border_radius=&#8221;none&#8221; row_border_radius_applies=&#8221;bg&#8221; overflow=&#8221;visible&#8221; overlay_strength=&#8221;0.3&#8243; gradient_direction=&#8221;left_to_right&#8221; shape_divider_position=&#8221;bottom&#8221; bg_image_animation=&#8221;none&#8221;][vc_column column_padding=&#8221;no-extra-padding&#8221; column_padding_tablet=&#8221;inherit&#8221; column_padding_phone=&#8221;inherit&#8221;...\" \/>\n<meta property=\"og:url\" content=\"https:\/\/a-eb.org\/it\/cosa-facciamo\/progetti\/olle-miteinond\/\" \/>\n<meta property=\"og:site_name\" content=\"AEB-Aktive Eltern von Menschen mit Behinderung VFG | Bozen | S\u00fcdtirol\" \/>\n<meta property=\"article:modified_time\" content=\"2024-10-29T13:49:57+00:00\" \/>\n<meta property=\"og:image\" content=\"https:\/\/a-eb.org\/wordpress\/wp-content\/uploads\/2024\/10\/Harley-Heads.png\" \/>\n\t<meta property=\"og:image:width\" content=\"144\" \/>\n\t<meta property=\"og:image:height\" content=\"143\" \/>\n\t<meta property=\"og:image:type\" content=\"image\/png\" \/>\n<meta name=\"twitter:card\" content=\"summary_large_image\" \/>\n<meta name=\"twitter:label1\" content=\"Tempo di lettura stimato\" \/>\n\t<meta name=\"twitter:data1\" content=\"6 minuti\" \/>\n<script type=\"application\/ld+json\" class=\"yoast-schema-graph\">{\"@context\":\"https:\/\/schema.org\",\"@graph\":[{\"@type\":\"WebPage\",\"@id\":\"https:\/\/a-eb.org\/it\/cosa-facciamo\/progetti\/olle-miteinond\/\",\"url\":\"https:\/\/a-eb.org\/it\/cosa-facciamo\/progetti\/olle-miteinond\/\",\"name\":\"OLLA MITEINOND - AEB-Aktive Eltern von Menschen mit Behinderung VFG | Bozen | S\u00fcdtirol\",\"isPartOf\":{\"@id\":\"https:\/\/a-eb.org\/#website\"},\"primaryImageOfPage\":{\"@id\":\"https:\/\/a-eb.org\/it\/cosa-facciamo\/progetti\/olle-miteinond\/#primaryimage\"},\"image\":{\"@id\":\"https:\/\/a-eb.org\/it\/cosa-facciamo\/progetti\/olle-miteinond\/#primaryimage\"},\"thumbnailUrl\":\"https:\/\/a-eb.org\/wordpress\/wp-content\/uploads\/2024\/10\/Harley-Heads.png\",\"datePublished\":\"2022-06-08T13:52:28+00:00\",\"dateModified\":\"2024-10-29T13:49:57+00:00\",\"breadcrumb\":{\"@id\":\"https:\/\/a-eb.org\/it\/cosa-facciamo\/progetti\/olle-miteinond\/#breadcrumb\"},\"inLanguage\":\"it-IT\",\"potentialAction\":[{\"@type\":\"ReadAction\",\"target\":[\"https:\/\/a-eb.org\/it\/cosa-facciamo\/progetti\/olle-miteinond\/\"]}]},{\"@type\":\"ImageObject\",\"inLanguage\":\"it-IT\",\"@id\":\"https:\/\/a-eb.org\/it\/cosa-facciamo\/progetti\/olle-miteinond\/#primaryimage\",\"url\":\"https:\/\/a-eb.org\/wordpress\/wp-content\/uploads\/2024\/10\/Harley-Heads.png\",\"contentUrl\":\"https:\/\/a-eb.org\/wordpress\/wp-content\/uploads\/2024\/10\/Harley-Heads.png\"},{\"@type\":\"BreadcrumbList\",\"@id\":\"https:\/\/a-eb.org\/it\/cosa-facciamo\/progetti\/olle-miteinond\/#breadcrumb\",\"itemListElement\":[{\"@type\":\"ListItem\",\"position\":1,\"name\":\"Startseite\",\"item\":\"https:\/\/a-eb.org\/it\/\"},{\"@type\":\"ListItem\",\"position\":2,\"name\":\"Cosa facciamo\",\"item\":\"https:\/\/a-eb.org\/it\/cosa-facciamo\/\"},{\"@type\":\"ListItem\",\"position\":3,\"name\":\"Progetti\",\"item\":\"https:\/\/a-eb.org\/it\/cosa-facciamo\/progetti\/\"},{\"@type\":\"ListItem\",\"position\":4,\"name\":\"OLLA MITEINOND\"}]},{\"@type\":\"WebSite\",\"@id\":\"https:\/\/a-eb.org\/#website\",\"url\":\"https:\/\/a-eb.org\/\",\"name\":\"AEB-Aktive Eltern von Menschen mit Behinderung VFG | Bozen | S\u00fcdtirol\",\"description\":\"AEB-Aktive Eltern von Menschen mit Behinderung VFG\",\"potentialAction\":[{\"@type\":\"SearchAction\",\"target\":{\"@type\":\"EntryPoint\",\"urlTemplate\":\"https:\/\/a-eb.org\/?s={search_term_string}\"},\"query-input\":{\"@type\":\"PropertyValueSpecification\",\"valueRequired\":true,\"valueName\":\"search_term_string\"}}],\"inLanguage\":\"it-IT\"}]}<\/script>\n<!-- \/ Yoast SEO plugin. -->","yoast_head_json":{"title":"OLLA MITEINOND - AEB-Aktive Eltern von Menschen mit Behinderung VFG | Bozen | S\u00fcdtirol","robots":{"index":"index","follow":"follow","max-snippet":"max-snippet:-1","max-image-preview":"max-image-preview:large","max-video-preview":"max-video-preview:-1"},"canonical":"https:\/\/a-eb.org\/it\/cosa-facciamo\/progetti\/olle-miteinond\/","og_locale":"it_IT","og_type":"article","og_title":"OLLA MITEINOND - AEB-Aktive Eltern von Menschen mit Behinderung VFG | Bozen | S\u00fcdtirol","og_description":"[vc_row type=&#8221;in_container&#8221; full_screen_row_position=&#8221;middle&#8221; column_margin=&#8221;default&#8221; column_direction=&#8221;default&#8221; column_direction_tablet=&#8221;default&#8221; column_direction_phone=&#8221;default&#8221; scene_position=&#8221;center&#8221; text_color=&#8221;dark&#8221; text_align=&#8221;left&#8221; row_border_radius=&#8221;none&#8221; row_border_radius_applies=&#8221;bg&#8221; overflow=&#8221;visible&#8221; overlay_strength=&#8221;0.3&#8243; gradient_direction=&#8221;left_to_right&#8221; shape_divider_position=&#8221;bottom&#8221; bg_image_animation=&#8221;none&#8221;][vc_column column_padding=&#8221;no-extra-padding&#8221; column_padding_tablet=&#8221;inherit&#8221; column_padding_phone=&#8221;inherit&#8221;...","og_url":"https:\/\/a-eb.org\/it\/cosa-facciamo\/progetti\/olle-miteinond\/","og_site_name":"AEB-Aktive Eltern von Menschen mit Behinderung VFG | Bozen | S\u00fcdtirol","article_modified_time":"2024-10-29T13:49:57+00:00","og_image":[{"width":144,"height":143,"url":"https:\/\/a-eb.org\/wordpress\/wp-content\/uploads\/2024\/10\/Harley-Heads.png","type":"image\/png"}],"twitter_card":"summary_large_image","twitter_misc":{"Tempo di lettura stimato":"6 minuti"},"schema":{"@context":"https:\/\/schema.org","@graph":[{"@type":"WebPage","@id":"https:\/\/a-eb.org\/it\/cosa-facciamo\/progetti\/olle-miteinond\/","url":"https:\/\/a-eb.org\/it\/cosa-facciamo\/progetti\/olle-miteinond\/","name":"OLLA MITEINOND - AEB-Aktive Eltern von Menschen mit Behinderung VFG | Bozen | S\u00fcdtirol","isPartOf":{"@id":"https:\/\/a-eb.org\/#website"},"primaryImageOfPage":{"@id":"https:\/\/a-eb.org\/it\/cosa-facciamo\/progetti\/olle-miteinond\/#primaryimage"},"image":{"@id":"https:\/\/a-eb.org\/it\/cosa-facciamo\/progetti\/olle-miteinond\/#primaryimage"},"thumbnailUrl":"https:\/\/a-eb.org\/wordpress\/wp-content\/uploads\/2024\/10\/Harley-Heads.png","datePublished":"2022-06-08T13:52:28+00:00","dateModified":"2024-10-29T13:49:57+00:00","breadcrumb":{"@id":"https:\/\/a-eb.org\/it\/cosa-facciamo\/progetti\/olle-miteinond\/#breadcrumb"},"inLanguage":"it-IT","potentialAction":[{"@type":"ReadAction","target":["https:\/\/a-eb.org\/it\/cosa-facciamo\/progetti\/olle-miteinond\/"]}]},{"@type":"ImageObject","inLanguage":"it-IT","@id":"https:\/\/a-eb.org\/it\/cosa-facciamo\/progetti\/olle-miteinond\/#primaryimage","url":"https:\/\/a-eb.org\/wordpress\/wp-content\/uploads\/2024\/10\/Harley-Heads.png","contentUrl":"https:\/\/a-eb.org\/wordpress\/wp-content\/uploads\/2024\/10\/Harley-Heads.png"},{"@type":"BreadcrumbList","@id":"https:\/\/a-eb.org\/it\/cosa-facciamo\/progetti\/olle-miteinond\/#breadcrumb","itemListElement":[{"@type":"ListItem","position":1,"name":"Startseite","item":"https:\/\/a-eb.org\/it\/"},{"@type":"ListItem","position":2,"name":"Cosa facciamo","item":"https:\/\/a-eb.org\/it\/cosa-facciamo\/"},{"@type":"ListItem","position":3,"name":"Progetti","item":"https:\/\/a-eb.org\/it\/cosa-facciamo\/progetti\/"},{"@type":"ListItem","position":4,"name":"OLLA MITEINOND"}]},{"@type":"WebSite","@id":"https:\/\/a-eb.org\/#website","url":"https:\/\/a-eb.org\/","name":"AEB-Aktive Eltern von Menschen mit Behinderung VFG | Bozen | S\u00fcdtirol","description":"AEB-Aktive Eltern von Menschen mit Behinderung VFG","potentialAction":[{"@type":"SearchAction","target":{"@type":"EntryPoint","urlTemplate":"https:\/\/a-eb.org\/?s={search_term_string}"},"query-input":{"@type":"PropertyValueSpecification","valueRequired":true,"valueName":"search_term_string"}}],"inLanguage":"it-IT"}]}},"_links":{"self":[{"href":"https:\/\/a-eb.org\/it\/wp-json\/wp\/v2\/pages\/2782","targetHints":{"allow":["GET"]}}],"collection":[{"href":"https:\/\/a-eb.org\/it\/wp-json\/wp\/v2\/pages"}],"about":[{"href":"https:\/\/a-eb.org\/it\/wp-json\/wp\/v2\/types\/page"}],"author":[{"embeddable":true,"href":"https:\/\/a-eb.org\/it\/wp-json\/wp\/v2\/users\/5"}],"replies":[{"embeddable":true,"href":"https:\/\/a-eb.org\/it\/wp-json\/wp\/v2\/comments?post=2782"}],"version-history":[{"count":24,"href":"https:\/\/a-eb.org\/it\/wp-json\/wp\/v2\/pages\/2782\/revisions"}],"predecessor-version":[{"id":7717,"href":"https:\/\/a-eb.org\/it\/wp-json\/wp\/v2\/pages\/2782\/revisions\/7717"}],"up":[{"embeddable":true,"href":"https:\/\/a-eb.org\/it\/wp-json\/wp\/v2\/pages\/2124"}],"wp:attachment":[{"href":"https:\/\/a-eb.org\/it\/wp-json\/wp\/v2\/media?parent=2782"}],"curies":[{"name":"wp","href":"https:\/\/api.w.org\/{rel}","templated":true}]}}