{"id":2544,"date":"2021-09-16T17:07:40","date_gmt":"2021-09-16T15:07:40","guid":{"rendered":"http:\/\/a-eb.org.w01c4194.kasserver.com\/privacy-policy\/"},"modified":"2024-09-05T15:13:06","modified_gmt":"2024-09-05T13:13:06","slug":"privacy-policy","status":"publish","type":"page","link":"https:\/\/a-eb.org\/it\/privacy-policy\/","title":{"rendered":"Privacy Policy"},"content":{"rendered":"[divider line_type=&#8221;no-line&#8221; custom_height=&#8221;50&#8243;]\n<p><strong>PRIVACY POLICY<\/strong><\/p>\n<p>Ai sensi dell\u2019art. 13 del Regolamento (UE) 2016\/679 relativo alla protezione delle persone fisiche con riguardo al trattamento dei dati personali e della raccomandazione n. 2\/2001 relativa ai requisiti minimi per la raccolta di dati online nell\u2019UE<\/p>\n<p><strong>1. Titolare del trattamento<\/strong><br \/>\nAEB-Genitori attivi per l\u2019inclusione delle persone con disabilit\u00e0 APS, con sede in via Galileo Galilei 4\/A &#8211; 39100 Bolzano, contattabile al numero telefonico: 0471 289100 o all\u2019indirizzo e-mail <a href=\"mailto:info@a-eb.net\">info@a-eb.net<\/a><\/p>\n<p>La presente informativa privacy intende fornire informazioni circa il trattamento, le finalit\u00e0, le modalit\u00e0 e, in generale, la gestione dei dati raccolti tramite il sito web www.a-eb.org\/it (di seguito, per brevit\u00e0, il Sito Web). La presente informativa privacy riguarda unicamente il presente Sito Web, escludendo quindi ulteriori pagine visitabili tramite collegamento (link).<\/p>\n<p><strong>2. Finalit\u00e0 del trattamento e base giuridica<\/strong><br \/>\nAEB garantisce nell\u2019ambito delle previsioni normative che il trattamento dei dati personali tramite il Sito Web si svolge nel rispetto dei diritti e delle libert\u00e0 fondamentali, nonch\u00e9 della dignit\u00e0 dell\u2019interessato\/a, con particolare riferimento alla riservatezza, all\u2019identit\u00e0 personale e al diritto alla protezione dei dati personali.<\/p>\n<p>Nel rispetto delle condizioni di liceit\u00e0 previste all\u2019art. 6 del Regolamento (UE) 2016\/679, i dati personali da Lei forniti attraverso il Sito Web potranno essere trattati da AEB per le seguenti finalit\u00e0:<\/p>\n<ul>\n<li><strong>a. Invio di materiale promozionale<\/strong><br \/>\nI dati da Lei forniti potranno essere utilizzati anche per l\u2019invio di materiale informativo riguardante le attivit\u00e0 e i servizi presenti sul Sito Web. Per tali finalit\u00e0 il conferimento dei dati \u00e8 di natura facoltativa. Tale trattamento dati trova base giuridica nel Suo consenso al trattamento dei propri dati personali (art. 6, comma 1, lett. a) del Regolamento (UE) 2016\/679).<\/li>\n<li>Per non ricevere pi\u00f9 tale materiale informativo, Lei pu\u00f2 revocare il consenso al trattamento dei dati personali in qualsiasi momento, contattando il Titolare del trattamento all\u2019indirizzo e-mail <a href=\"mailto:info@a-eb.net\">info@a-eb.net<\/a><\/li>\n<li><strong>b. Gestione delle comunicazioni e richieste<\/strong><br \/>\nL\u2019invio facoltativo, esplicito e volontario di posta elettronica agli indirizzi indicati su questo sito comporta la successiva acquisizione dell\u2019indirizzo del mittente, necessario per rispondere alle richieste, nonch\u00e9 degli eventuali altri dati personali inseriti nella missiva. Tale trattamento dati \u00e8 necessario all\u2019esecuzione di un contratto di cui l\u2019interessato\/a \u00e8 parte o all\u2019esecuzione di misure precontrattuali adottate su richiesta dello stesso (art. 6, comma 1, lett. b) del Regolamento (UE) 2016\/679).<\/li>\n<li><strong>c. Adempiere a eventuali obblighi precontrattuali o contrattuali nei confronti dell\u2019interessato\/a (modulo di iscrizione soci, modulo di iscrizione per progetti e iniziative, modulo di iscrizione volontari)<\/strong><br \/>\nTale trattamento dati \u00e8 necessario all\u2019esecuzione di un contratto di cui l\u2019interessato\/a \u00e8 parte o all\u2019esecuzione di misure precontrattuali adottate su richiesta dello stesso (art. 6, comma 1, lett. b) del Regolamento (UE) 2016\/679).<\/li>\n<li>\u2192 Informativa privacy messa disponibile nella sezione dedicata.<\/li>\n<li><strong>d. Navigazione e miglioramento del Sito web<\/strong><br \/>\nPer maggiori dettagli su tali finalit\u00e0 e tipologia di dati si prega di visitare la sezione \u201cCookie Policy\u201d.<\/li>\n<\/ul>\n<p><strong>3. Tipologia di dati trattati<\/strong><br \/>\nPer le finalit\u00e0 sopra citate possono essere oggetto di trattamento principalmente:<\/p>\n<ul>\n<li><strong>a. dati personali di natura comune<\/strong> (a titolo esemplificativo e non esaustivo nome, cognome, numero di telefono e indirizzo di posta elettronica);<\/li>\n<li><strong>b. categorie particolari di dati personali<\/strong> (a titolo esemplificativo, nome e cognome della persona disabile, tipo di handicap, intolleranze e\/o allergie alimentari e ogni altro dato legato all&#8217;iniziativa ove ritenuto indispensabile per la salvaguardia della salute della persona partecipante);<\/li>\n<li><strong>c. dati personali raccolti durante la navigazione<\/strong> (Log Files). I sistemi informatici e le procedure software preposte al funzionamento di questo sito web acquisiscono, nel corso del loro normale esercizio, alcuni dati personali la cui trasmissione \u00e8 implicita nell\u2019uso dei protocolli di comunicazione di Internet. Si tratta di informazioni che non sono raccolte per essere associate a interessati identificati, ma che per loro stessa natura potrebbero, attraverso elaborazioni ed associazioni con dati detenuti da terzi, permettere di identificare gli utenti. Tali informazioni contengono solo dati relativi alla navigazione degli utenti e nessun dato personale degli stessi. In questa categoria di dati rientrano gli indirizzi IP o i nomi a dominio dei computer utilizzati dagli utenti che si connettono al sito, gli indirizzi in notazione URI (Uniform Resource Identifier) delle risorse richieste, l\u2019orario della richiesta, il metodo utilizzato nel sottoporre la richiesta al server, la dimensione del file ottenuto in risposta, il codice numerico indicante lo stato della risposta data dal server (buon fine, errore, ecc.) ed altri parametri relativi al sistema operativo e all\u2019ambiente informatico dell\u2019utente. Questi dati sono utilizzati per erogare il servizio richiesto ed al fine di ricavare informazioni statistiche anonime sull\u2019uso del sito e per controllarne il corretto funzionamento. I dati potrebbero essere utilizzati per l\u2019accertamento di responsabilit\u00e0 in caso di ipotetici reati informatici ai danni del sito. Per maggiori dettagli su queste tipologie di dati si prega di visitare la sezione \u201cCookie Policy\u201d, redatta ai sensi delle nuove Linee Guida Cookie e altri strumenti di tracciamento (G.U. n. 163 del 9 luglio 2021);<\/li>\n<li><strong>d. dati personali forniti per ricevere materiale promozionale.<\/strong><\/li>\n<\/ul>\n<p><strong>4. Modalit\u00e0 di trattamento<br \/>\n<\/strong>Il trattamento sar\u00e0 effettuato:<\/p>\n<ul>\n<li><strong>a.<\/strong> dal solo personale autorizzato per lo svolgimento delle attivit\u00e0 di trattamento;<\/li>\n<li><strong>b.<\/strong> mediante l\u2019utilizzo di sistemi manuali ed elettronici;<\/li>\n<li><strong>c.<\/strong> da soggetti autorizzati all\u2019assolvimento di tali compiti ai sensi di legge;<\/li>\n<li><strong>d.<\/strong> con l\u2019impiego di misure organizzative e tecniche adeguate a garantire la riservatezza dei dati ed evitare l\u2019accesso agli stessi da parte di terzi non autorizzati.<\/li>\n<\/ul>\n<p>I Suoi dati non saranno inseriti in processi decisionali automatizzati.<\/p>\n<p><strong>5. Periodo di conservazione del dei dati personali<br \/>\n<\/strong>La conservazione dei dati da Lei forniti avverr\u00e0 per un periodo non superiore a quello necessario per adempiere agli obblighi o i compiti di cui al punto 2 della presente informativa, con cancellazione graduale dei dati riconducibili alle specifiche finalit\u00e0 via via non pi\u00f9 perseguite:<\/p>\n<ul>\n<li><strong>Invio comunicazioni istituzionali\/servizio<\/strong><br \/>\nFino ad esaurimento delle finalit\u00e0 istituzionali per cui sono stati raccolti i dati personali<\/li>\n<li><strong>Invio di materiale promozionale<\/strong><br \/>\nFino a revoca<\/li>\n<li><strong>Gestione delle comunicazioni e richieste<\/strong><br \/>\nFino a revoca<\/li>\n<li><strong>Eventuali obblighi precontrattuali \/ contrattuali (modulo di Adesione\/ modulo di iscrizione per progetti e iniziative\/ iscrizione volontari)<\/strong><br \/>\nMax 10 anni secondo i tempi di conservazione dei documenti contabili, fiscali e amministrativi (art. 2200 c.c.)<\/li>\n<li><strong>Navigazione e miglioramento del sito web<\/strong><br \/>\nS.v. Cookie Policy<\/li>\n<\/ul>\n<p><strong>6. Comunicazione dei dati personali<\/strong><br \/>\nFerme restando le comunicazioni eseguite in adempimento di obblighi di legge e contrattuali, i dati raccolti ed elaborati potranno essere comunicati per le finalit\u00e0 sopra specificate, a:<\/p>\n<ul>\n<li><strong>a.<\/strong> alle Pubbliche Amministrazioni e Autorit\u00e0, ove previsto dalla legge e dalla normativa applicabile;<\/li>\n<li><strong>b.<\/strong> a tutte quelle persone fisiche e\/o giuridiche, pubbliche e\/o private (quali, titolo indicativo e non esaustivo, studi di consulenza legale, amministrativa e fiscale, uffici giudiziari, Camere di Commercio), quando la comunicazione risulti necessaria o funzionale allo svolgimento della nostra attivit\u00e0 e nei modi e per le finalit\u00e0 sopra elencate.<\/li>\n<\/ul>\n<p><strong>7. Diffusione dei dati personali<br \/>\n<\/strong>I Suoi dati personali non verranno in alcun modo trasferiti o comunicati verso Paesi terzi al di fuori dell\u2019UE.<\/p>\n<p><strong>Diritti dell\u2019interessato (artt. 15-22 Regolamento (UE) 20167679)<\/strong><br \/>\nIn base alla normativa vigente l\u2019interessato\/l\u2019interessata ottiene in ogni momento, con richiesta, l\u2019accesso ai propri dati; qualora li ritenga inesatti o incompleti, pu\u00f2 richiederne rispettivamente la rettifica e l\u2019integrazione; ricorrendone i presupposti di legge opporsi al loro trattamento, richiederne la cancellazione ovvero la limitazione del trattamento. In tale ultimo caso, esclusa la conservazione, i dati personali, oggetto di limitazione del trattamento, potranno essere trattati solo con il consenso del\/della richiedente, per l\u2019esercizio giudiziale di un diritto del titolare, per la tutela dei diritti di un terzo ovvero per motivi di rilevante interesse pubblico.<\/p>\n<p>Qualora ritenga che i suoi diritti sono stati violati, Lei ha la facolt\u00e0 e il diritto di esporre reclamo all\u2019Autorit\u00e0 GPDP per la tutela dei dati personali: <a href=\"http:\/\/www.garanteprivacy.it\" target=\"_blank\" rel=\"noopener\">www.garanteprivacy.it<\/a><\/p>\n","protected":false},"excerpt":{"rendered":"<p>[divider line_type=&#8221;no-line&#8221; custom_height=&#8221;50&#8243;] PRIVACY POLICY Ai sensi dell\u2019art. 13 del Regolamento (UE) 2016\/679 relativo alla protezione delle persone fisiche con&#8230;<\/p>\n","protected":false},"author":1,"featured_media":0,"parent":0,"menu_order":99,"comment_status":"closed","ping_status":"closed","template":"","meta":{"footnotes":""},"class_list":["post-2544","page","type-page","status-publish"],"yoast_head":"<!-- This site is optimized with the Yoast SEO plugin v27.4 - https:\/\/yoast.com\/product\/yoast-seo-wordpress\/ -->\n<title>Privacy Policy - AEB-Aktive Eltern von Menschen mit Behinderung VFG | Bozen | S\u00fcdtirol<\/title>\n<meta name=\"robots\" content=\"index, follow, max-snippet:-1, max-image-preview:large, max-video-preview:-1\" \/>\n<link rel=\"canonical\" href=\"https:\/\/a-eb.org\/it\/privacy-policy\/\" \/>\n<meta property=\"og:locale\" content=\"it_IT\" \/>\n<meta property=\"og:type\" content=\"article\" \/>\n<meta property=\"og:title\" content=\"Privacy Policy - AEB-Aktive Eltern von Menschen mit Behinderung VFG | Bozen | S\u00fcdtirol\" \/>\n<meta property=\"og:description\" content=\"[divider line_type=&#8221;no-line&#8221; custom_height=&#8221;50&#8243;] PRIVACY POLICY Ai sensi dell\u2019art. 13 del Regolamento (UE) 2016\/679 relativo alla protezione delle persone fisiche con...\" \/>\n<meta property=\"og:url\" content=\"https:\/\/a-eb.org\/it\/privacy-policy\/\" \/>\n<meta property=\"og:site_name\" content=\"AEB-Aktive Eltern von Menschen mit Behinderung VFG | Bozen | S\u00fcdtirol\" \/>\n<meta property=\"article:modified_time\" content=\"2024-09-05T13:13:06+00:00\" \/>\n<meta name=\"twitter:card\" content=\"summary_large_image\" \/>\n<meta name=\"twitter:label1\" content=\"Tempo di lettura stimato\" \/>\n\t<meta name=\"twitter:data1\" content=\"6 minuti\" \/>\n<script type=\"application\/ld+json\" class=\"yoast-schema-graph\">{\"@context\":\"https:\\\/\\\/schema.org\",\"@graph\":[{\"@type\":\"WebPage\",\"@id\":\"https:\\\/\\\/a-eb.org\\\/it\\\/privacy-policy\\\/\",\"url\":\"https:\\\/\\\/a-eb.org\\\/it\\\/privacy-policy\\\/\",\"name\":\"Privacy Policy - AEB-Aktive Eltern von Menschen mit Behinderung VFG | Bozen | S\u00fcdtirol\",\"isPartOf\":{\"@id\":\"https:\\\/\\\/a-eb.org\\\/#website\"},\"datePublished\":\"2021-09-16T15:07:40+00:00\",\"dateModified\":\"2024-09-05T13:13:06+00:00\",\"breadcrumb\":{\"@id\":\"https:\\\/\\\/a-eb.org\\\/it\\\/privacy-policy\\\/#breadcrumb\"},\"inLanguage\":\"it-IT\",\"potentialAction\":[{\"@type\":\"ReadAction\",\"target\":[\"https:\\\/\\\/a-eb.org\\\/it\\\/privacy-policy\\\/\"]}]},{\"@type\":\"BreadcrumbList\",\"@id\":\"https:\\\/\\\/a-eb.org\\\/it\\\/privacy-policy\\\/#breadcrumb\",\"itemListElement\":[{\"@type\":\"ListItem\",\"position\":1,\"name\":\"Startseite\",\"item\":\"https:\\\/\\\/a-eb.org\\\/it\\\/\"},{\"@type\":\"ListItem\",\"position\":2,\"name\":\"Privacy Policy\"}]},{\"@type\":\"WebSite\",\"@id\":\"https:\\\/\\\/a-eb.org\\\/#website\",\"url\":\"https:\\\/\\\/a-eb.org\\\/\",\"name\":\"AEB-Aktive Eltern von Menschen mit Behinderung VFG | Bozen | S\u00fcdtirol\",\"description\":\"AEB-Aktive Eltern von Menschen mit Behinderung VFG\",\"potentialAction\":[{\"@type\":\"SearchAction\",\"target\":{\"@type\":\"EntryPoint\",\"urlTemplate\":\"https:\\\/\\\/a-eb.org\\\/?s={search_term_string}\"},\"query-input\":{\"@type\":\"PropertyValueSpecification\",\"valueRequired\":true,\"valueName\":\"search_term_string\"}}],\"inLanguage\":\"it-IT\"}]}<\/script>\n<!-- \/ Yoast SEO plugin. -->","yoast_head_json":{"title":"Privacy Policy - AEB-Aktive Eltern von Menschen mit Behinderung VFG | Bozen | S\u00fcdtirol","robots":{"index":"index","follow":"follow","max-snippet":"max-snippet:-1","max-image-preview":"max-image-preview:large","max-video-preview":"max-video-preview:-1"},"canonical":"https:\/\/a-eb.org\/it\/privacy-policy\/","og_locale":"it_IT","og_type":"article","og_title":"Privacy Policy - AEB-Aktive Eltern von Menschen mit Behinderung VFG | Bozen | S\u00fcdtirol","og_description":"[divider line_type=&#8221;no-line&#8221; custom_height=&#8221;50&#8243;] PRIVACY POLICY Ai sensi dell\u2019art. 13 del Regolamento (UE) 2016\/679 relativo alla protezione delle persone fisiche con...","og_url":"https:\/\/a-eb.org\/it\/privacy-policy\/","og_site_name":"AEB-Aktive Eltern von Menschen mit Behinderung VFG | Bozen | S\u00fcdtirol","article_modified_time":"2024-09-05T13:13:06+00:00","twitter_card":"summary_large_image","twitter_misc":{"Tempo di lettura stimato":"6 minuti"},"schema":{"@context":"https:\/\/schema.org","@graph":[{"@type":"WebPage","@id":"https:\/\/a-eb.org\/it\/privacy-policy\/","url":"https:\/\/a-eb.org\/it\/privacy-policy\/","name":"Privacy Policy - AEB-Aktive Eltern von Menschen mit Behinderung VFG | Bozen | S\u00fcdtirol","isPartOf":{"@id":"https:\/\/a-eb.org\/#website"},"datePublished":"2021-09-16T15:07:40+00:00","dateModified":"2024-09-05T13:13:06+00:00","breadcrumb":{"@id":"https:\/\/a-eb.org\/it\/privacy-policy\/#breadcrumb"},"inLanguage":"it-IT","potentialAction":[{"@type":"ReadAction","target":["https:\/\/a-eb.org\/it\/privacy-policy\/"]}]},{"@type":"BreadcrumbList","@id":"https:\/\/a-eb.org\/it\/privacy-policy\/#breadcrumb","itemListElement":[{"@type":"ListItem","position":1,"name":"Startseite","item":"https:\/\/a-eb.org\/it\/"},{"@type":"ListItem","position":2,"name":"Privacy Policy"}]},{"@type":"WebSite","@id":"https:\/\/a-eb.org\/#website","url":"https:\/\/a-eb.org\/","name":"AEB-Aktive Eltern von Menschen mit Behinderung VFG | Bozen | S\u00fcdtirol","description":"AEB-Aktive Eltern von Menschen mit Behinderung VFG","potentialAction":[{"@type":"SearchAction","target":{"@type":"EntryPoint","urlTemplate":"https:\/\/a-eb.org\/?s={search_term_string}"},"query-input":{"@type":"PropertyValueSpecification","valueRequired":true,"valueName":"search_term_string"}}],"inLanguage":"it-IT"}]}},"_links":{"self":[{"href":"https:\/\/a-eb.org\/it\/wp-json\/wp\/v2\/pages\/2544","targetHints":{"allow":["GET"]}}],"collection":[{"href":"https:\/\/a-eb.org\/it\/wp-json\/wp\/v2\/pages"}],"about":[{"href":"https:\/\/a-eb.org\/it\/wp-json\/wp\/v2\/types\/page"}],"author":[{"embeddable":true,"href":"https:\/\/a-eb.org\/it\/wp-json\/wp\/v2\/users\/1"}],"replies":[{"embeddable":true,"href":"https:\/\/a-eb.org\/it\/wp-json\/wp\/v2\/comments?post=2544"}],"version-history":[{"count":5,"href":"https:\/\/a-eb.org\/it\/wp-json\/wp\/v2\/pages\/2544\/revisions"}],"predecessor-version":[{"id":7143,"href":"https:\/\/a-eb.org\/it\/wp-json\/wp\/v2\/pages\/2544\/revisions\/7143"}],"wp:attachment":[{"href":"https:\/\/a-eb.org\/it\/wp-json\/wp\/v2\/media?parent=2544"}],"curies":[{"name":"wp","href":"https:\/\/api.w.org\/{rel}","templated":true}]}}