{"id":2527,"date":"2022-05-25T11:01:34","date_gmt":"2022-05-25T09:01:34","guid":{"rendered":"http:\/\/a-eb.org.w01c4194.kasserver.com\/cookies\/"},"modified":"2023-10-10T15:29:29","modified_gmt":"2023-10-10T13:29:29","slug":"cookies","status":"publish","type":"page","link":"https:\/\/a-eb.org\/it\/cookies\/","title":{"rendered":"Cookies"},"content":{"rendered":"[vc_row type=&#8221;in_container&#8221; full_screen_row_position=&#8221;middle&#8221; column_margin=&#8221;default&#8221; column_direction=&#8221;default&#8221; column_direction_tablet=&#8221;default&#8221; column_direction_phone=&#8221;default&#8221; scene_position=&#8221;center&#8221; top_padding=&#8221;3%&#8221; bottom_padding=&#8221;3%&#8221; text_color=&#8221;dark&#8221; text_align=&#8221;left&#8221; row_border_radius=&#8221;none&#8221; row_border_radius_applies=&#8221;bg&#8221; overflow=&#8221;visible&#8221; advanced_gradient_angle=&#8221;0&#8243; overlay_strength=&#8221;0.3&#8243; gradient_direction=&#8221;left_to_right&#8221; shape_divider_position=&#8221;bottom&#8221; bg_image_animation=&#8221;none&#8221; gradient_type=&#8221;default&#8221; shape_type=&#8221;&#8221;][vc_column column_padding=&#8221;no-extra-padding&#8221; column_padding_tablet=&#8221;inherit&#8221; column_padding_phone=&#8221;inherit&#8221; column_padding_position=&#8221;all&#8221; column_element_direction_desktop=&#8221;default&#8221; column_element_spacing=&#8221;default&#8221; desktop_text_alignment=&#8221;default&#8221; tablet_text_alignment=&#8221;default&#8221; phone_text_alignment=&#8221;default&#8221; background_color_opacity=&#8221;1&#8243; background_hover_color_opacity=&#8221;1&#8243; column_backdrop_filter=&#8221;none&#8221; column_shadow=&#8221;none&#8221; column_border_radius=&#8221;none&#8221; column_link_target=&#8221;_self&#8221; column_position=&#8221;default&#8221; gradient_direction=&#8221;left_to_right&#8221; overlay_strength=&#8221;0.3&#8243; width=&#8221;1\/1&#8243; tablet_width_inherit=&#8221;default&#8221; animation_type=&#8221;default&#8221; bg_image_animation=&#8221;none&#8221; border_type=&#8221;simple&#8221; column_border_width=&#8221;none&#8221; column_border_style=&#8221;solid&#8221;][vc_column_text]<strong>COOKIE POLICY<\/strong><\/p>\n<p><strong>Titolare del trattamento<br \/>\n<\/strong>AEB-Genitori attivi per l\u2019inclusione delle persone con disabilit\u00e0 APS, con sede in via Galileo Galilei 4\/A &#8211; 39100 Bolzano, contattabile al numero telefonico: 0471 289100 o all\u2019indirizzo e-mail <a href=\"mailto:info@a-eb.net\">info@a-eb.net<\/a><\/p>\n<p>Nel corso della navigazione il sito web acquisisce delle informazioni necessarie per consentire una corretta e sicura esperienza di navigazione, si pensi ad esempio agli indirizzi IP, MAC address, nomi a dominio dei computer utilizzati dagli utenti che si connettono al sito,\u00a0e ogni altra informazione tecnica implicita nell&#8217;uso dei protocolli di comunicazione di Internet.<\/p>\n<p><strong>COOKIES<\/strong><br \/>\nIl nostro sito web utilizza cookie per garantire un corretto utilizzo della pagina web e per migliorarne l\u2019esperienza di utilizzo. La presente Policy fornisce informazioni circa le tipologie di cookie utilizzate, le finalit\u00e0 e le relative modalit\u00e0 di utilizzo limitatamente alla presente sito web.<\/p>\n<p><strong>Cosa sono i cookie?<br \/>\n<\/strong><\/p>\n<p>Il Provvedimento dell\u2019Autorit\u00e0 Garante per la Protezione dei Dati Personali in materia di cookie d.d. 8 maggio 2014 definisce i cookie come \u201cstringhe di testo di piccole dimensioni che i siti visitati dall&#8217;utente inviano al suo terminale (solitamente al browser), dove vengono memorizzati per essere poi ritrasmessi agli stessi siti alla successiva visita del medesimo utente. Nel corso della navigazione su un sito, l&#8217;utente pu\u00f2 ricevere sul suo terminale anche cookie che vengono inviati da siti o da web server diversi (c.d. &#8220;terze parti&#8221;), sui quali possono risiedere alcuni elementi (quali, ad esempio, immagini, mappe, suoni, specifici link a pagine di altri domini) presenti sul sito che lo stesso sta visitando\u201d.<\/p>\n<p>I cookie possono essere utilizzati per varie finalit\u00e0 come, ad esempio, per l\u2019esecuzione di autenticazioni informatiche, memorizzazione di informazioni riferite a configurazioni delle macchine che accedono al server, siti web preferiti etc. Di seguito verranno illustrate le diverse tipologie di cookie utilizzate dalla nostra pagina web.<\/p>\n<p><strong>Tipologie di Cookie<\/strong><\/p>\n<ul>\n<li><strong>Cookie tecnici:<\/strong> I cookie tecnici sono quei cookie indispensabili per una corretta navigazione sulla pagina web, conservati unicamente per la durata della navigazione.<\/li>\n<li><strong>Cookie analitici:<\/strong> sono cookie utilizzati per monitorare il numero delle visite e l\u2019utilizzo della pagina web a livello statistico, sulla base di informazioni aggregate. Esempio: \u201cGoogle Analytics\u201d.<\/li>\n<li><strong>Cookie terze parti che vengono creati da altri siti.<\/strong> Questi ultimi sono proprietari di alcuni dei contenuti, ad esempio annunci o immagini, che vengono visualizzati sulla pagina web che visiti.<\/li>\n<\/ul>\n<p><strong>Cookie utilizzati dal nostro sito<\/strong><br \/>\nDi seguito riportiamo l\u2019elenco dei cookie utilizzati dal sito web:<\/p>\n<p><span class=\"code-example\"><div class=\"BorlabsCookie\"><h3 class=\"_brlbs _brlbs-cg-essential\">Essenziale<\/h3><p class=\"_brlbs _brlbs-cg-essential\">I cookie essenziali permettono funzioni di base e sono necessari per il corretto funzionamento del sito web.<\/p><h4 class=\"_brlbs _brlbs-c-borlabs-cookie\">Borlabs Cookie<\/h4><div class=\"_brlbs-responsive-table\"><table class=\"_brlbs _brlbs-c-borlabs-cookie\"><tr><th scope=\"row\">Nome<\/th><td>Borlabs Cookie<\/td><\/tr><tr><th scope=\"row\">Provider<\/th><td>Proprietario di questo sito web<span>, <\/span><a href=\"https:\/\/a-eb.org\/it\/colophon\/\">Imprint<\/a><\/td><\/tr><tr><th scope=\"row\">Scopo<\/th><td>Salva le preferenze dei visitatori selezionate nella Cookie Box di Borlabs Cookie.<\/td><\/tr><tr><th scope=\"row\">Nome del cookie<\/th><td>borlabs-cookie<\/td><\/tr><tr><th scope=\"row\">Scadenza del cookie<\/th><td>1 anno<\/td><\/tr><\/table><\/div><\/div><\/span><\/p>\n<p>Le seguenti impostazioni dei cookie sono state effettuate dall&#8217;utente:<\/p>\n<p><span class=\"code-example\"><div class=\"BorlabsCookie\" data-borlabs-cookie-consent-history><div class=\"_brlbs-responsive-table\"><table class=\"_brlbs-table\"><thead><tr><th class=\"_brlbs-table-date\" scope=\"col\">Data<\/th><th class=\"_brlbs-table-version\" scope=\"col\">Versione<\/th><th class=\"_brlbs-table-consents\" scope=\"col\">Consensi<\/th><\/tr><\/thead><\/table><\/div><\/div><\/span><\/p>\n<p><span class=\"code-example\">Regolare le impostazioni dei cookie<\/span><\/p>\n<p><span class=\"code-example\"><a href=\"#\" class=\"_brlbs-btn-cookie-preference borlabs-cookie-preference\">Cookie-Einstellungen<\/a><\/span><\/p>\n<p>Il sito utilizza non utilizza cookie di profilazione. Il presente sito Internet utilizza solamente cookie tecnici e cookie analitici. Per tale ultima categoria, il Titolare del trattamento ha inoltre provveduto a rendere parzialmente anonimo l\u2019indirizzo IP dell\u2019utente, limitando cos\u00ec le informazioni a cui Google Inc. pu\u00f2 accedere. In virt\u00f9 di tale limitazione il cookie analitici _ga viene considerato cookie tecnici.<\/p>\n<p><strong>Banner al primo accesso.<\/strong><br \/>\nIl banner che appare sulla pagina web al primo accesso fornisce all\u2019utente indicazioni essenziali circa le modalit\u00e0 di gestione dei cookie del sito, rimandando alla privacy policy completa. L\u2019utente potr\u00e0 esprimere il proprio consenso all\u2019utilizzo dei cookie tramite il tasto \u201cOK\u201d presente sul Banner o continuando a navigare. Tali dati relativi alla scelta dell\u2019utente circa la gestione dei cookie sono memorizzati tramite un cookie tecnico per un periodo pari a 100 giorni.<\/p>\n<p><strong>Come disabilitare i Cookie?<\/strong><\/p>\n<p>Riportiamo di seguito i link ai principali Browser per modificare le scelte effettuate dall\u2019utente al primo accesso, in materia di cookie:<\/p>\n<p><a href=\"https:\/\/support.microsoft.com\/de-de\/windows\/l%C3%B6schen-und-verwalten-von-cookies-168dab11-0753-043d-7c16-ede5947fc64d\">https:\/\/support.microsoft.com\/de-de\/windows\/l%C3%B6schen-und-verwalten-von-cookies-168dab11-0753-043d-7c16-ede5947fc64d<\/a><br \/>\n<a href=\"https:\/\/support.google.com\/accounts\/answer\/32050?hl=de\">https:\/\/support.google.com\/accounts\/answer\/32050?hl=de<\/a><br \/>\n<a href=\"https:\/\/support.mozilla.org\/de\/kb\/cookies-und-website-daten-in-firefox-loschen\">https:\/\/support.mozilla.org\/de\/kb\/cookies-und-website-daten-in-firefox-loschen<\/a><\/p>\n<p>La presente policy potr\u00e0 essere oggetto di integrazioni e modifiche in caso di aggiornamenti normativi a cura del Titolare del trattamento.<\/p>\n<p>Data ultima di aggiornamento:<br \/>\n21.12.2021[\/vc_column_text][vc_column_text css=&#8221;.vc_custom_1651656354448{padding-top: 2% !important;}&#8221;]Sostenuti finanziariamente per la realizzazione della pagina web da:[\/vc_column_text][vc_row_inner equal_height=&#8221;yes&#8221; content_placement=&#8221;middle&#8221; column_margin=&#8221;default&#8221; column_direction=&#8221;default&#8221; column_direction_tablet=&#8221;default&#8221; column_direction_phone=&#8221;default&#8221; text_align=&#8221;left&#8221; row_position=&#8221;default&#8221; row_position_tablet=&#8221;inherit&#8221; row_position_phone=&#8221;inherit&#8221; overflow=&#8221;visible&#8221; pointer_events=&#8221;all&#8221;][vc_column_inner column_padding=&#8221;no-extra-padding&#8221; column_padding_tablet=&#8221;inherit&#8221; column_padding_phone=&#8221;inherit&#8221; column_padding_position=&#8221;all&#8221; column_element_direction_desktop=&#8221;default&#8221; column_element_spacing=&#8221;default&#8221; desktop_text_alignment=&#8221;default&#8221; tablet_text_alignment=&#8221;default&#8221; phone_text_alignment=&#8221;default&#8221; background_color_opacity=&#8221;1&#8243; background_hover_color_opacity=&#8221;1&#8243; column_backdrop_filter=&#8221;none&#8221; column_shadow=&#8221;none&#8221; column_border_radius=&#8221;none&#8221; column_link_target=&#8221;_self&#8221; overflow=&#8221;visible&#8221; gradient_direction=&#8221;left_to_right&#8221; overlay_strength=&#8221;0.3&#8243; width=&#8221;1\/4&#8243; tablet_width_inherit=&#8221;default&#8221; animation_type=&#8221;default&#8221; bg_image_animation=&#8221;none&#8221; border_type=&#8221;simple&#8221; column_border_width=&#8221;none&#8221; column_border_style=&#8221;solid&#8221;][image_with_animation image_url=&#8221;1264&#8243; image_size=&#8221;full&#8221; animation_type=&#8221;entrance&#8221; animation=&#8221;Fade In&#8221; animation_easing=&#8221;default&#8221; animation_movement_type=&#8221;transform_y&#8221; hover_animation=&#8221;none&#8221; alignment=&#8221;&#8221; border_radius=&#8221;none&#8221; box_shadow=&#8221;none&#8221; image_loading=&#8221;default&#8221; max_width=&#8221;100%&#8221; max_width_mobile=&#8221;default&#8221;][\/vc_column_inner][vc_column_inner column_padding=&#8221;no-extra-padding&#8221; column_padding_tablet=&#8221;inherit&#8221; column_padding_phone=&#8221;inherit&#8221; column_padding_position=&#8221;all&#8221; column_element_direction_desktop=&#8221;default&#8221; column_element_spacing=&#8221;default&#8221; desktop_text_alignment=&#8221;default&#8221; tablet_text_alignment=&#8221;default&#8221; phone_text_alignment=&#8221;default&#8221; background_color_opacity=&#8221;1&#8243; background_hover_color_opacity=&#8221;1&#8243; column_backdrop_filter=&#8221;none&#8221; column_shadow=&#8221;none&#8221; column_border_radius=&#8221;none&#8221; column_link_target=&#8221;_self&#8221; overflow=&#8221;visible&#8221; gradient_direction=&#8221;left_to_right&#8221; overlay_strength=&#8221;0.3&#8243; width=&#8221;1\/4&#8243; tablet_width_inherit=&#8221;default&#8221; animation_type=&#8221;default&#8221; bg_image_animation=&#8221;none&#8221; border_type=&#8221;simple&#8221; column_border_width=&#8221;none&#8221; column_border_style=&#8221;solid&#8221;][image_with_animation image_url=&#8221;1265&#8243; image_size=&#8221;full&#8221; animation_type=&#8221;entrance&#8221; animation=&#8221;Fade In&#8221; animation_easing=&#8221;default&#8221; animation_movement_type=&#8221;transform_y&#8221; hover_animation=&#8221;none&#8221; alignment=&#8221;&#8221; border_radius=&#8221;none&#8221; box_shadow=&#8221;none&#8221; image_loading=&#8221;default&#8221; max_width=&#8221;100%&#8221; max_width_mobile=&#8221;default&#8221;][\/vc_column_inner][vc_column_inner column_padding=&#8221;no-extra-padding&#8221; column_padding_tablet=&#8221;inherit&#8221; column_padding_phone=&#8221;inherit&#8221; column_padding_position=&#8221;all&#8221; column_element_direction_desktop=&#8221;default&#8221; column_element_spacing=&#8221;default&#8221; desktop_text_alignment=&#8221;default&#8221; tablet_text_alignment=&#8221;default&#8221; phone_text_alignment=&#8221;default&#8221; background_color_opacity=&#8221;1&#8243; background_hover_color_opacity=&#8221;1&#8243; column_backdrop_filter=&#8221;none&#8221; column_shadow=&#8221;none&#8221; column_border_radius=&#8221;none&#8221; column_link_target=&#8221;_self&#8221; overflow=&#8221;visible&#8221; gradient_direction=&#8221;left_to_right&#8221; overlay_strength=&#8221;0.3&#8243; width=&#8221;1\/4&#8243; tablet_width_inherit=&#8221;default&#8221; animation_type=&#8221;default&#8221; bg_image_animation=&#8221;none&#8221; border_type=&#8221;simple&#8221; column_border_width=&#8221;none&#8221; column_border_style=&#8221;solid&#8221;][\/vc_column_inner][vc_column_inner column_padding=&#8221;no-extra-padding&#8221; column_padding_tablet=&#8221;inherit&#8221; column_padding_phone=&#8221;inherit&#8221; column_padding_position=&#8221;all&#8221; column_element_direction_desktop=&#8221;default&#8221; column_element_spacing=&#8221;default&#8221; desktop_text_alignment=&#8221;default&#8221; tablet_text_alignment=&#8221;default&#8221; phone_text_alignment=&#8221;default&#8221; background_color_opacity=&#8221;1&#8243; background_hover_color_opacity=&#8221;1&#8243; column_backdrop_filter=&#8221;none&#8221; column_shadow=&#8221;none&#8221; column_border_radius=&#8221;none&#8221; column_link_target=&#8221;_self&#8221; overflow=&#8221;visible&#8221; gradient_direction=&#8221;left_to_right&#8221; overlay_strength=&#8221;0.3&#8243; width=&#8221;1\/4&#8243; tablet_width_inherit=&#8221;default&#8221; animation_type=&#8221;default&#8221; bg_image_animation=&#8221;none&#8221; border_type=&#8221;simple&#8221; column_border_width=&#8221;none&#8221; column_border_style=&#8221;solid&#8221;][\/vc_column_inner][\/vc_row_inner][vc_column_text css=&#8221;.vc_custom_1651656367402{padding-top: 3% !important;}&#8221;]Riferimenti e links: Nonostante il controllo accurato dei contenuti, non ci assumiamo responsabilit\u00e1 alcuna per i contenuti dei link esterni.[\/vc_column_text][\/vc_column][\/vc_row]\n","protected":false},"excerpt":{"rendered":"<p>[vc_row type=&#8221;in_container&#8221; full_screen_row_position=&#8221;middle&#8221; column_margin=&#8221;default&#8221; column_direction=&#8221;default&#8221; column_direction_tablet=&#8221;default&#8221; column_direction_phone=&#8221;default&#8221; scene_position=&#8221;center&#8221; top_padding=&#8221;3%&#8221; bottom_padding=&#8221;3%&#8221; text_color=&#8221;dark&#8221; text_align=&#8221;left&#8221; row_border_radius=&#8221;none&#8221; row_border_radius_applies=&#8221;bg&#8221; overflow=&#8221;visible&#8221; advanced_gradient_angle=&#8221;0&#8243; overlay_strength=&#8221;0.3&#8243; gradient_direction=&#8221;left_to_right&#8221; shape_divider_position=&#8221;bottom&#8221; bg_image_animation=&#8221;none&#8221;&#8230;<\/p>\n","protected":false},"author":1,"featured_media":0,"parent":0,"menu_order":98,"comment_status":"closed","ping_status":"closed","template":"","meta":{"footnotes":""},"class_list":["post-2527","page","type-page","status-publish"],"yoast_head":"<!-- This site is optimized with the Yoast SEO plugin v26.6 - https:\/\/yoast.com\/wordpress\/plugins\/seo\/ -->\n<title>Cookies - AEB-Aktive Eltern von Menschen mit Behinderung VFG | Bozen | S\u00fcdtirol<\/title>\n<meta name=\"robots\" content=\"index, follow, max-snippet:-1, max-image-preview:large, max-video-preview:-1\" \/>\n<link rel=\"canonical\" href=\"https:\/\/a-eb.org\/it\/cookies\/\" \/>\n<meta property=\"og:locale\" content=\"it_IT\" \/>\n<meta property=\"og:type\" content=\"article\" \/>\n<meta property=\"og:title\" content=\"Cookies - AEB-Aktive Eltern von Menschen mit Behinderung VFG | Bozen | S\u00fcdtirol\" \/>\n<meta property=\"og:description\" content=\"[vc_row type=&#8221;in_container&#8221; full_screen_row_position=&#8221;middle&#8221; column_margin=&#8221;default&#8221; column_direction=&#8221;default&#8221; column_direction_tablet=&#8221;default&#8221; column_direction_phone=&#8221;default&#8221; scene_position=&#8221;center&#8221; top_padding=&#8221;3%&#8221; bottom_padding=&#8221;3%&#8221; text_color=&#8221;dark&#8221; text_align=&#8221;left&#8221; row_border_radius=&#8221;none&#8221; row_border_radius_applies=&#8221;bg&#8221; overflow=&#8221;visible&#8221; advanced_gradient_angle=&#8221;0&#8243; overlay_strength=&#8221;0.3&#8243; gradient_direction=&#8221;left_to_right&#8221; shape_divider_position=&#8221;bottom&#8221; bg_image_animation=&#8221;none&#8221;...\" \/>\n<meta property=\"og:url\" content=\"https:\/\/a-eb.org\/it\/cookies\/\" \/>\n<meta property=\"og:site_name\" content=\"AEB-Aktive Eltern von Menschen mit Behinderung VFG | Bozen | S\u00fcdtirol\" \/>\n<meta property=\"article:modified_time\" content=\"2023-10-10T13:29:29+00:00\" \/>\n<meta name=\"twitter:card\" content=\"summary_large_image\" \/>\n<meta name=\"twitter:label1\" content=\"Tempo di lettura stimato\" \/>\n\t<meta name=\"twitter:data1\" content=\"7 minuti\" \/>\n<script type=\"application\/ld+json\" class=\"yoast-schema-graph\">{\"@context\":\"https:\/\/schema.org\",\"@graph\":[{\"@type\":\"WebPage\",\"@id\":\"https:\/\/a-eb.org\/it\/cookies\/\",\"url\":\"https:\/\/a-eb.org\/it\/cookies\/\",\"name\":\"Cookies - AEB-Aktive Eltern von Menschen mit Behinderung VFG | Bozen | S\u00fcdtirol\",\"isPartOf\":{\"@id\":\"https:\/\/a-eb.org\/#website\"},\"datePublished\":\"2022-05-25T09:01:34+00:00\",\"dateModified\":\"2023-10-10T13:29:29+00:00\",\"breadcrumb\":{\"@id\":\"https:\/\/a-eb.org\/it\/cookies\/#breadcrumb\"},\"inLanguage\":\"it-IT\",\"potentialAction\":[{\"@type\":\"ReadAction\",\"target\":[\"https:\/\/a-eb.org\/it\/cookies\/\"]}]},{\"@type\":\"BreadcrumbList\",\"@id\":\"https:\/\/a-eb.org\/it\/cookies\/#breadcrumb\",\"itemListElement\":[{\"@type\":\"ListItem\",\"position\":1,\"name\":\"Startseite\",\"item\":\"https:\/\/a-eb.org\/it\/\"},{\"@type\":\"ListItem\",\"position\":2,\"name\":\"Cookies\"}]},{\"@type\":\"WebSite\",\"@id\":\"https:\/\/a-eb.org\/#website\",\"url\":\"https:\/\/a-eb.org\/\",\"name\":\"AEB-Aktive Eltern von Menschen mit Behinderung VFG | Bozen | S\u00fcdtirol\",\"description\":\"AEB-Aktive Eltern von Menschen mit Behinderung VFG\",\"potentialAction\":[{\"@type\":\"SearchAction\",\"target\":{\"@type\":\"EntryPoint\",\"urlTemplate\":\"https:\/\/a-eb.org\/?s={search_term_string}\"},\"query-input\":{\"@type\":\"PropertyValueSpecification\",\"valueRequired\":true,\"valueName\":\"search_term_string\"}}],\"inLanguage\":\"it-IT\"}]}<\/script>\n<!-- \/ Yoast SEO plugin. -->","yoast_head_json":{"title":"Cookies - AEB-Aktive Eltern von Menschen mit Behinderung VFG | Bozen | S\u00fcdtirol","robots":{"index":"index","follow":"follow","max-snippet":"max-snippet:-1","max-image-preview":"max-image-preview:large","max-video-preview":"max-video-preview:-1"},"canonical":"https:\/\/a-eb.org\/it\/cookies\/","og_locale":"it_IT","og_type":"article","og_title":"Cookies - AEB-Aktive Eltern von Menschen mit Behinderung VFG | Bozen | S\u00fcdtirol","og_description":"[vc_row type=&#8221;in_container&#8221; full_screen_row_position=&#8221;middle&#8221; column_margin=&#8221;default&#8221; column_direction=&#8221;default&#8221; column_direction_tablet=&#8221;default&#8221; column_direction_phone=&#8221;default&#8221; scene_position=&#8221;center&#8221; top_padding=&#8221;3%&#8221; bottom_padding=&#8221;3%&#8221; text_color=&#8221;dark&#8221; text_align=&#8221;left&#8221; row_border_radius=&#8221;none&#8221; row_border_radius_applies=&#8221;bg&#8221; overflow=&#8221;visible&#8221; advanced_gradient_angle=&#8221;0&#8243; overlay_strength=&#8221;0.3&#8243; gradient_direction=&#8221;left_to_right&#8221; shape_divider_position=&#8221;bottom&#8221; bg_image_animation=&#8221;none&#8221;...","og_url":"https:\/\/a-eb.org\/it\/cookies\/","og_site_name":"AEB-Aktive Eltern von Menschen mit Behinderung VFG | Bozen | S\u00fcdtirol","article_modified_time":"2023-10-10T13:29:29+00:00","twitter_card":"summary_large_image","twitter_misc":{"Tempo di lettura stimato":"7 minuti"},"schema":{"@context":"https:\/\/schema.org","@graph":[{"@type":"WebPage","@id":"https:\/\/a-eb.org\/it\/cookies\/","url":"https:\/\/a-eb.org\/it\/cookies\/","name":"Cookies - AEB-Aktive Eltern von Menschen mit Behinderung VFG | Bozen | S\u00fcdtirol","isPartOf":{"@id":"https:\/\/a-eb.org\/#website"},"datePublished":"2022-05-25T09:01:34+00:00","dateModified":"2023-10-10T13:29:29+00:00","breadcrumb":{"@id":"https:\/\/a-eb.org\/it\/cookies\/#breadcrumb"},"inLanguage":"it-IT","potentialAction":[{"@type":"ReadAction","target":["https:\/\/a-eb.org\/it\/cookies\/"]}]},{"@type":"BreadcrumbList","@id":"https:\/\/a-eb.org\/it\/cookies\/#breadcrumb","itemListElement":[{"@type":"ListItem","position":1,"name":"Startseite","item":"https:\/\/a-eb.org\/it\/"},{"@type":"ListItem","position":2,"name":"Cookies"}]},{"@type":"WebSite","@id":"https:\/\/a-eb.org\/#website","url":"https:\/\/a-eb.org\/","name":"AEB-Aktive Eltern von Menschen mit Behinderung VFG | Bozen | S\u00fcdtirol","description":"AEB-Aktive Eltern von Menschen mit Behinderung VFG","potentialAction":[{"@type":"SearchAction","target":{"@type":"EntryPoint","urlTemplate":"https:\/\/a-eb.org\/?s={search_term_string}"},"query-input":{"@type":"PropertyValueSpecification","valueRequired":true,"valueName":"search_term_string"}}],"inLanguage":"it-IT"}]}},"_links":{"self":[{"href":"https:\/\/a-eb.org\/it\/wp-json\/wp\/v2\/pages\/2527","targetHints":{"allow":["GET"]}}],"collection":[{"href":"https:\/\/a-eb.org\/it\/wp-json\/wp\/v2\/pages"}],"about":[{"href":"https:\/\/a-eb.org\/it\/wp-json\/wp\/v2\/types\/page"}],"author":[{"embeddable":true,"href":"https:\/\/a-eb.org\/it\/wp-json\/wp\/v2\/users\/1"}],"replies":[{"embeddable":true,"href":"https:\/\/a-eb.org\/it\/wp-json\/wp\/v2\/comments?post=2527"}],"version-history":[{"count":1,"href":"https:\/\/a-eb.org\/it\/wp-json\/wp\/v2\/pages\/2527\/revisions"}],"predecessor-version":[{"id":5407,"href":"https:\/\/a-eb.org\/it\/wp-json\/wp\/v2\/pages\/2527\/revisions\/5407"}],"wp:attachment":[{"href":"https:\/\/a-eb.org\/it\/wp-json\/wp\/v2\/media?parent=2527"}],"curies":[{"name":"wp","href":"https:\/\/api.w.org\/{rel}","templated":true}]}}