{"id":2271,"date":"2022-05-04T10:49:37","date_gmt":"2022-05-04T08:49:37","guid":{"rendered":"http:\/\/a-eb.org.w01c4194.kasserver.com\/cosa-facciamo\/progetto-dama\/"},"modified":"2026-01-20T15:30:20","modified_gmt":"2026-01-20T14:30:20","slug":"dama","status":"publish","type":"page","link":"https:\/\/a-eb.org\/it\/cosa-facciamo\/dama\/","title":{"rendered":"D.A.M.A. &#8211; Disabled Advanced Medical Assistance"},"content":{"rendered":"[vc_row type=&#8221;in_container&#8221; full_screen_row_position=&#8221;middle&#8221; column_margin=&#8221;default&#8221; equal_height=&#8221;yes&#8221; content_placement=&#8221;middle&#8221; column_direction=&#8221;default&#8221; column_direction_tablet=&#8221;default&#8221; column_direction_phone=&#8221;default&#8221; scene_position=&#8221;center&#8221; top_padding=&#8221;3%&#8221; bottom_padding=&#8221;3%&#8221; text_color=&#8221;dark&#8221; text_align=&#8221;left&#8221; row_border_radius=&#8221;none&#8221; row_border_radius_applies=&#8221;bg&#8221; row_position_desktop=&#8221;default&#8221; row_position_tablet=&#8221;inherit&#8221; row_position_phone=&#8221;inherit&#8221; overflow=&#8221;visible&#8221; advanced_gradient_angle=&#8221;0&#8243; overlay_strength=&#8221;0.3&#8243; gradient_direction=&#8221;left_to_right&#8221; shape_divider_position=&#8221;bottom&#8221; bg_image_animation=&#8221;none&#8221; shape_type=&#8221;&#8221; gradient_type=&#8221;default&#8221;][vc_column column_padding=&#8221;no-extra-padding&#8221; column_padding_tablet=&#8221;inherit&#8221; column_padding_phone=&#8221;inherit&#8221; column_padding_position=&#8221;all&#8221; flex_gap_desktop=&#8221;10px&#8221; column_element_direction_desktop=&#8221;default&#8221; column_element_spacing=&#8221;default&#8221; desktop_text_alignment=&#8221;default&#8221; tablet_text_alignment=&#8221;default&#8221; phone_text_alignment=&#8221;default&#8221; background_color_opacity=&#8221;1&#8243; background_hover_color_opacity=&#8221;1&#8243; column_backdrop_filter=&#8221;none&#8221; column_shadow=&#8221;none&#8221; column_border_radius=&#8221;none&#8221; column_link_target=&#8221;_self&#8221; column_position=&#8221;default&#8221; gradient_direction=&#8221;left_to_right&#8221; overlay_strength=&#8221;0.3&#8243; width=&#8221;5\/6&#8243; tablet_width_inherit=&#8221;default&#8221; animation_type=&#8221;default&#8221; bg_image_animation=&#8221;none&#8221; border_type=&#8221;simple&#8221; column_border_width=&#8221;none&#8221; column_border_style=&#8221;solid&#8221;][vc_column_text css=&#8221;&#8221; text_direction=&#8221;default&#8221;]\n<h1>D.A.M.A. &#8211; Disabled Advanced Medical Assistance<\/h1>\n[\/vc_column_text][vc_column_text css=&#8221;&#8221; text_direction=&#8221;default&#8221;]\n<h3>Cosa \u00e9 D.A.M.A.?<\/h3>\n<p data-start=\"82\" data-end=\"465\">D.A.M.A. \u00e8 l\u2019acronimo di \u201cDisabled Advanced Medical Assistance\u201d ed \u00e8 un servizio rivolto a persone con disabilit\u00e0 e difficolt\u00e0 nella comunicazione, nella comprensione del linguaggio e nel comportamento. Il progetto D.A.M.A. \u00e8 nato nel 2000 presso l\u2019Ospedale San Paolo di Milano. A questo progetto aderiscono diversi ospedali in Italia, tra cui, dal 2017, anche l\u2019Ospedale di Bolzano.<\/p>\n<p data-start=\"467\" data-end=\"996\">D.A.M.A. \u00e8 un modello organizzativo interno all\u2019ospedale che ha l\u2019obiettivo di migliorare l\u2019accoglienza e l\u2019assistenza delle persone con disabilit\u00e0 che, a causa delle loro difficolt\u00e0 nella comprensione del linguaggio e nella comunicazione, faticano a collaborare attivamente durante gli esami medici e a seguire i normali percorsi ospedalieri. Per garantire a queste persone lo stesso diritto alla salute riconosciuto alla collettit\u00e0, il team D.A.M.A. organizza percorsi diagnostico-terapeutici assistenziali adeguati e protetti.<\/p>\n[\/vc_column_text][vc_column_text css=&#8221;.vc_custom_1768919345470{padding-top: 3% !important;padding-bottom: 3% !important;}&#8221; text_direction=&#8221;default&#8221;]\n<h2>DAMA \u2013 contatti Ospedale di Brunico<\/h2>\n<p>E-Mail: dama.bk@sabes.it<\/p>\n<p>Tel: 0474 917285<\/p>\n<h2>DAMA &#8211; contatti Ospedale di Bolzano<\/h2>\n<p>E-mail: <span id=\"cloak6dba3e25c00961f1e43d18e323ae21a4\"><a href=\"mailto:dama.bz@sabes.it\">dama.bz@sabes.it<\/a><\/span><br \/>\nTel: 0471 437 318 (luned\u00ec-venerd\u00ec ore 10:00 &#8211; 12:00)<br \/>\nAmbulatorio. Ospedale di Bolzano, edificio principale, piano terra, area viola, stanza 3<\/p>\n<p>Info: <a href=\"https:\/\/www.asdaa.it\/it\/dama-medicina-inclusiva-disabili-bisogni-speciali\" target=\"_blank\" rel=\"noopener\">DAMA Ospedale Bolzano<\/a><\/p>\n<h2>DAMA &#8211; contatti Ospedale di Bressanone<\/h2>\n<p>Tel: 0472 812886 (Marted\u00ec e Gioved\u00ec, dalle ore 14.00 \u2013 15.00)[\/vc_column_text][vc_row_inner column_margin=&#8221;default&#8221; column_direction=&#8221;default&#8221; column_direction_tablet=&#8221;default&#8221; column_direction_phone=&#8221;default&#8221; top_padding=&#8221;3%&#8221; text_align=&#8221;left&#8221; row_position=&#8221;default&#8221; row_position_tablet=&#8221;inherit&#8221; row_position_phone=&#8221;inherit&#8221; overflow=&#8221;visible&#8221; pointer_events=&#8221;all&#8221;][vc_column_inner column_padding=&#8221;no-extra-padding&#8221; column_padding_tablet=&#8221;inherit&#8221; column_padding_phone=&#8221;inherit&#8221; column_padding_position=&#8221;all&#8221; flex_gap_desktop=&#8221;10px&#8221; column_element_direction_desktop=&#8221;default&#8221; column_element_spacing=&#8221;default&#8221; desktop_text_alignment=&#8221;default&#8221; tablet_text_alignment=&#8221;default&#8221; phone_text_alignment=&#8221;default&#8221; background_color_opacity=&#8221;1&#8243; background_hover_color_opacity=&#8221;1&#8243; column_backdrop_filter=&#8221;none&#8221; column_shadow=&#8221;none&#8221; column_border_radius=&#8221;none&#8221; column_link_target=&#8221;_self&#8221; overflow=&#8221;visible&#8221; gradient_direction=&#8221;left_to_right&#8221; overlay_strength=&#8221;0.3&#8243; width=&#8221;1\/2&#8243; tablet_width_inherit=&#8221;default&#8221; animation_type=&#8221;default&#8221; bg_image_animation=&#8221;none&#8221; border_type=&#8221;simple&#8221; column_border_width=&#8221;none&#8221; column_border_style=&#8221;solid&#8221;][image_with_animation image_url=&#8221;2223&#8243; image_size=&#8221;full&#8221; max_width=&#8221;100%&#8221; max_width_mobile=&#8221;default&#8221; animation_type=&#8221;entrance&#8221; animation=&#8221;Fade In&#8221; animation_easing=&#8221;default&#8221; animation_movement_type=&#8221;transform_y&#8221; hover_animation=&#8221;none&#8221; alignment=&#8221;&#8221; img_link_large=&#8221;yes&#8221; border_radius=&#8221;none&#8221; box_shadow=&#8221;none&#8221; image_loading=&#8221;default&#8221;][\/vc_column_inner][vc_column_inner column_padding=&#8221;no-extra-padding&#8221; column_padding_tablet=&#8221;inherit&#8221; column_padding_phone=&#8221;inherit&#8221; column_padding_position=&#8221;all&#8221; flex_gap_desktop=&#8221;10px&#8221; column_element_direction_desktop=&#8221;default&#8221; column_element_spacing=&#8221;default&#8221; desktop_text_alignment=&#8221;default&#8221; tablet_text_alignment=&#8221;default&#8221; phone_text_alignment=&#8221;default&#8221; background_color_opacity=&#8221;1&#8243; background_hover_color_opacity=&#8221;1&#8243; column_backdrop_filter=&#8221;none&#8221; column_shadow=&#8221;none&#8221; column_border_radius=&#8221;none&#8221; column_link_target=&#8221;_self&#8221; overflow=&#8221;visible&#8221; gradient_direction=&#8221;left_to_right&#8221; overlay_strength=&#8221;0.3&#8243; width=&#8221;1\/2&#8243; tablet_width_inherit=&#8221;default&#8221; animation_type=&#8221;default&#8221; bg_image_animation=&#8221;none&#8221; border_type=&#8221;simple&#8221; column_border_width=&#8221;none&#8221; column_border_style=&#8221;solid&#8221;][\/vc_column_inner][\/vc_row_inner][vc_column_text text_direction=&#8221;default&#8221;][\/vc_column_text][\/vc_column][vc_column column_padding=&#8221;no-extra-padding&#8221; column_padding_tablet=&#8221;inherit&#8221; column_padding_phone=&#8221;inherit&#8221; column_padding_position=&#8221;all&#8221; flex_gap_desktop=&#8221;10px&#8221; column_element_direction_desktop=&#8221;default&#8221; column_element_spacing=&#8221;default&#8221; desktop_text_alignment=&#8221;default&#8221; tablet_text_alignment=&#8221;default&#8221; phone_text_alignment=&#8221;default&#8221; background_color_opacity=&#8221;1&#8243; background_hover_color_opacity=&#8221;1&#8243; column_backdrop_filter=&#8221;none&#8221; column_shadow=&#8221;none&#8221; column_border_radius=&#8221;none&#8221; column_link_target=&#8221;_self&#8221; column_position=&#8221;default&#8221; gradient_direction=&#8221;left_to_right&#8221; overlay_strength=&#8221;0.3&#8243; width=&#8221;1\/6&#8243; tablet_width_inherit=&#8221;default&#8221; animation_type=&#8221;default&#8221; bg_image_animation=&#8221;none&#8221; border_type=&#8221;simple&#8221; column_border_width=&#8221;none&#8221; column_border_style=&#8221;solid&#8221;][\/vc_column][\/vc_row]\n","protected":false},"excerpt":{"rendered":"<p>[vc_row type=&#8221;in_container&#8221; full_screen_row_position=&#8221;middle&#8221; column_margin=&#8221;default&#8221; equal_height=&#8221;yes&#8221; content_placement=&#8221;middle&#8221; column_direction=&#8221;default&#8221; column_direction_tablet=&#8221;default&#8221; column_direction_phone=&#8221;default&#8221; scene_position=&#8221;center&#8221; top_padding=&#8221;3%&#8221; bottom_padding=&#8221;3%&#8221; text_color=&#8221;dark&#8221; text_align=&#8221;left&#8221; row_border_radius=&#8221;none&#8221; row_border_radius_applies=&#8221;bg&#8221; row_position_desktop=&#8221;default&#8221; row_position_tablet=&#8221;inherit&#8221; row_position_phone=&#8221;inherit&#8221; overflow=&#8221;visible&#8221;&#8230;<\/p>\n","protected":false},"author":2,"featured_media":0,"parent":2026,"menu_order":5,"comment_status":"closed","ping_status":"closed","template":"","meta":{"footnotes":""},"class_list":["post-2271","page","type-page","status-publish"],"yoast_head":"<!-- This site is optimized with the Yoast SEO plugin v26.6 - https:\/\/yoast.com\/wordpress\/plugins\/seo\/ -->\n<title>D.A.M.A. - Disabled Advanced Medical Assistance - AEB-Aktive Eltern von Menschen mit Behinderung VFG | Bozen | S\u00fcdtirol<\/title>\n<meta name=\"robots\" content=\"index, follow, max-snippet:-1, max-image-preview:large, max-video-preview:-1\" \/>\n<link rel=\"canonical\" href=\"https:\/\/a-eb.org\/it\/cosa-facciamo\/dama\/\" \/>\n<meta property=\"og:locale\" content=\"it_IT\" \/>\n<meta property=\"og:type\" content=\"article\" \/>\n<meta property=\"og:title\" content=\"D.A.M.A. - Disabled Advanced Medical Assistance - AEB-Aktive Eltern von Menschen mit Behinderung VFG | Bozen | S\u00fcdtirol\" \/>\n<meta property=\"og:description\" content=\"[vc_row type=&#8221;in_container&#8221; full_screen_row_position=&#8221;middle&#8221; column_margin=&#8221;default&#8221; equal_height=&#8221;yes&#8221; content_placement=&#8221;middle&#8221; column_direction=&#8221;default&#8221; column_direction_tablet=&#8221;default&#8221; column_direction_phone=&#8221;default&#8221; scene_position=&#8221;center&#8221; top_padding=&#8221;3%&#8221; bottom_padding=&#8221;3%&#8221; text_color=&#8221;dark&#8221; text_align=&#8221;left&#8221; row_border_radius=&#8221;none&#8221; row_border_radius_applies=&#8221;bg&#8221; row_position_desktop=&#8221;default&#8221; row_position_tablet=&#8221;inherit&#8221; row_position_phone=&#8221;inherit&#8221; overflow=&#8221;visible&#8221;...\" \/>\n<meta property=\"og:url\" content=\"https:\/\/a-eb.org\/it\/cosa-facciamo\/dama\/\" \/>\n<meta property=\"og:site_name\" content=\"AEB-Aktive Eltern von Menschen mit Behinderung VFG | Bozen | S\u00fcdtirol\" \/>\n<meta property=\"article:modified_time\" content=\"2026-01-20T14:30:20+00:00\" \/>\n<meta name=\"twitter:card\" content=\"summary_large_image\" \/>\n<meta name=\"twitter:label1\" content=\"Tempo di lettura stimato\" \/>\n\t<meta name=\"twitter:data1\" content=\"2 minuti\" \/>\n<script type=\"application\/ld+json\" class=\"yoast-schema-graph\">{\"@context\":\"https:\/\/schema.org\",\"@graph\":[{\"@type\":\"WebPage\",\"@id\":\"https:\/\/a-eb.org\/it\/cosa-facciamo\/dama\/\",\"url\":\"https:\/\/a-eb.org\/it\/cosa-facciamo\/dama\/\",\"name\":\"D.A.M.A. - Disabled Advanced Medical Assistance - AEB-Aktive Eltern von Menschen mit Behinderung VFG | Bozen | S\u00fcdtirol\",\"isPartOf\":{\"@id\":\"https:\/\/a-eb.org\/#website\"},\"datePublished\":\"2022-05-04T08:49:37+00:00\",\"dateModified\":\"2026-01-20T14:30:20+00:00\",\"breadcrumb\":{\"@id\":\"https:\/\/a-eb.org\/it\/cosa-facciamo\/dama\/#breadcrumb\"},\"inLanguage\":\"it-IT\",\"potentialAction\":[{\"@type\":\"ReadAction\",\"target\":[\"https:\/\/a-eb.org\/it\/cosa-facciamo\/dama\/\"]}]},{\"@type\":\"BreadcrumbList\",\"@id\":\"https:\/\/a-eb.org\/it\/cosa-facciamo\/dama\/#breadcrumb\",\"itemListElement\":[{\"@type\":\"ListItem\",\"position\":1,\"name\":\"Startseite\",\"item\":\"https:\/\/a-eb.org\/it\/\"},{\"@type\":\"ListItem\",\"position\":2,\"name\":\"Cosa facciamo\",\"item\":\"https:\/\/a-eb.org\/it\/cosa-facciamo\/\"},{\"@type\":\"ListItem\",\"position\":3,\"name\":\"D.A.M.A. &#8211; Disabled Advanced Medical Assistance\"}]},{\"@type\":\"WebSite\",\"@id\":\"https:\/\/a-eb.org\/#website\",\"url\":\"https:\/\/a-eb.org\/\",\"name\":\"AEB-Aktive Eltern von Menschen mit Behinderung VFG | Bozen | S\u00fcdtirol\",\"description\":\"AEB-Aktive Eltern von Menschen mit Behinderung VFG\",\"potentialAction\":[{\"@type\":\"SearchAction\",\"target\":{\"@type\":\"EntryPoint\",\"urlTemplate\":\"https:\/\/a-eb.org\/?s={search_term_string}\"},\"query-input\":{\"@type\":\"PropertyValueSpecification\",\"valueRequired\":true,\"valueName\":\"search_term_string\"}}],\"inLanguage\":\"it-IT\"}]}<\/script>\n<!-- \/ Yoast SEO plugin. -->","yoast_head_json":{"title":"D.A.M.A. - Disabled Advanced Medical Assistance - AEB-Aktive Eltern von Menschen mit Behinderung VFG | Bozen | S\u00fcdtirol","robots":{"index":"index","follow":"follow","max-snippet":"max-snippet:-1","max-image-preview":"max-image-preview:large","max-video-preview":"max-video-preview:-1"},"canonical":"https:\/\/a-eb.org\/it\/cosa-facciamo\/dama\/","og_locale":"it_IT","og_type":"article","og_title":"D.A.M.A. - Disabled Advanced Medical Assistance - AEB-Aktive Eltern von Menschen mit Behinderung VFG | Bozen | S\u00fcdtirol","og_description":"[vc_row type=&#8221;in_container&#8221; full_screen_row_position=&#8221;middle&#8221; column_margin=&#8221;default&#8221; equal_height=&#8221;yes&#8221; content_placement=&#8221;middle&#8221; column_direction=&#8221;default&#8221; column_direction_tablet=&#8221;default&#8221; column_direction_phone=&#8221;default&#8221; scene_position=&#8221;center&#8221; top_padding=&#8221;3%&#8221; bottom_padding=&#8221;3%&#8221; text_color=&#8221;dark&#8221; text_align=&#8221;left&#8221; row_border_radius=&#8221;none&#8221; row_border_radius_applies=&#8221;bg&#8221; row_position_desktop=&#8221;default&#8221; row_position_tablet=&#8221;inherit&#8221; row_position_phone=&#8221;inherit&#8221; overflow=&#8221;visible&#8221;...","og_url":"https:\/\/a-eb.org\/it\/cosa-facciamo\/dama\/","og_site_name":"AEB-Aktive Eltern von Menschen mit Behinderung VFG | Bozen | S\u00fcdtirol","article_modified_time":"2026-01-20T14:30:20+00:00","twitter_card":"summary_large_image","twitter_misc":{"Tempo di lettura stimato":"2 minuti"},"schema":{"@context":"https:\/\/schema.org","@graph":[{"@type":"WebPage","@id":"https:\/\/a-eb.org\/it\/cosa-facciamo\/dama\/","url":"https:\/\/a-eb.org\/it\/cosa-facciamo\/dama\/","name":"D.A.M.A. - Disabled Advanced Medical Assistance - AEB-Aktive Eltern von Menschen mit Behinderung VFG | Bozen | S\u00fcdtirol","isPartOf":{"@id":"https:\/\/a-eb.org\/#website"},"datePublished":"2022-05-04T08:49:37+00:00","dateModified":"2026-01-20T14:30:20+00:00","breadcrumb":{"@id":"https:\/\/a-eb.org\/it\/cosa-facciamo\/dama\/#breadcrumb"},"inLanguage":"it-IT","potentialAction":[{"@type":"ReadAction","target":["https:\/\/a-eb.org\/it\/cosa-facciamo\/dama\/"]}]},{"@type":"BreadcrumbList","@id":"https:\/\/a-eb.org\/it\/cosa-facciamo\/dama\/#breadcrumb","itemListElement":[{"@type":"ListItem","position":1,"name":"Startseite","item":"https:\/\/a-eb.org\/it\/"},{"@type":"ListItem","position":2,"name":"Cosa facciamo","item":"https:\/\/a-eb.org\/it\/cosa-facciamo\/"},{"@type":"ListItem","position":3,"name":"D.A.M.A. &#8211; Disabled Advanced Medical Assistance"}]},{"@type":"WebSite","@id":"https:\/\/a-eb.org\/#website","url":"https:\/\/a-eb.org\/","name":"AEB-Aktive Eltern von Menschen mit Behinderung VFG | Bozen | S\u00fcdtirol","description":"AEB-Aktive Eltern von Menschen mit Behinderung VFG","potentialAction":[{"@type":"SearchAction","target":{"@type":"EntryPoint","urlTemplate":"https:\/\/a-eb.org\/?s={search_term_string}"},"query-input":{"@type":"PropertyValueSpecification","valueRequired":true,"valueName":"search_term_string"}}],"inLanguage":"it-IT"}]}},"_links":{"self":[{"href":"https:\/\/a-eb.org\/it\/wp-json\/wp\/v2\/pages\/2271","targetHints":{"allow":["GET"]}}],"collection":[{"href":"https:\/\/a-eb.org\/it\/wp-json\/wp\/v2\/pages"}],"about":[{"href":"https:\/\/a-eb.org\/it\/wp-json\/wp\/v2\/types\/page"}],"author":[{"embeddable":true,"href":"https:\/\/a-eb.org\/it\/wp-json\/wp\/v2\/users\/2"}],"replies":[{"embeddable":true,"href":"https:\/\/a-eb.org\/it\/wp-json\/wp\/v2\/comments?post=2271"}],"version-history":[{"count":22,"href":"https:\/\/a-eb.org\/it\/wp-json\/wp\/v2\/pages\/2271\/revisions"}],"predecessor-version":[{"id":10903,"href":"https:\/\/a-eb.org\/it\/wp-json\/wp\/v2\/pages\/2271\/revisions\/10903"}],"up":[{"embeddable":true,"href":"https:\/\/a-eb.org\/it\/wp-json\/wp\/v2\/pages\/2026"}],"wp:attachment":[{"href":"https:\/\/a-eb.org\/it\/wp-json\/wp\/v2\/media?parent=2271"}],"curies":[{"name":"wp","href":"https:\/\/api.w.org\/{rel}","templated":true}]}}