{"id":2068,"date":"2022-05-02T09:58:21","date_gmt":"2022-05-02T07:58:21","guid":{"rendered":"http:\/\/a-eb.org.w01c4194.kasserver.com\/cosa-facciamo\/hond-in-hond\/"},"modified":"2025-05-05T16:22:01","modified_gmt":"2025-05-05T14:22:01","slug":"hond-in-hond","status":"publish","type":"page","link":"https:\/\/a-eb.org\/it\/cosa-facciamo\/hond-in-hond\/","title":{"rendered":"Val Pusteria"},"content":{"rendered":"[vc_row type=&#8221;full_width_content&#8221; full_screen_row_position=&#8221;middle&#8221; column_margin=&#8221;default&#8221; column_direction=&#8221;default&#8221; column_direction_tablet=&#8221;default&#8221; column_direction_phone=&#8221;default&#8221; scene_position=&#8221;center&#8221; text_color=&#8221;dark&#8221; text_align=&#8221;left&#8221; row_border_radius=&#8221;none&#8221; row_border_radius_applies=&#8221;bg&#8221; overflow=&#8221;visible&#8221; overlay_strength=&#8221;0.3&#8243; gradient_direction=&#8221;left_to_right&#8221; shape_divider_position=&#8221;bottom&#8221; bg_image_animation=&#8221;none&#8221; shape_type=&#8221;&#8221;][vc_column column_padding=&#8221;no-extra-padding&#8221; column_padding_tablet=&#8221;inherit&#8221; column_padding_phone=&#8221;inherit&#8221; column_padding_position=&#8221;all&#8221; column_element_direction_desktop=&#8221;default&#8221; column_element_spacing=&#8221;default&#8221; desktop_text_alignment=&#8221;default&#8221; tablet_text_alignment=&#8221;default&#8221; phone_text_alignment=&#8221;default&#8221; background_color_opacity=&#8221;1&#8243; background_hover_color_opacity=&#8221;1&#8243; column_backdrop_filter=&#8221;none&#8221; column_shadow=&#8221;none&#8221; column_border_radius=&#8221;none&#8221; column_link_target=&#8221;_self&#8221; column_position=&#8221;default&#8221; gradient_direction=&#8221;left_to_right&#8221; overlay_strength=&#8221;0.3&#8243; width=&#8221;1\/1&#8243; tablet_width_inherit=&#8221;default&#8221; animation_type=&#8221;default&#8221; bg_image_animation=&#8221;none&#8221; border_type=&#8221;simple&#8221; column_border_width=&#8221;none&#8221; column_border_style=&#8221;solid&#8221;]<div data-midnight=\"nectar-slider\" class=\"parallax_slider_outer \"><div  data-transition=\"fade\" data-overall_style=\"classic\" data-flexible-height=\"\" data-animate-in-effect=\"none\" data-fullscreen=\"false\" data-button-sizing=\"regular\" data-button-styling=\"btn_with_count\" data-autorotate=\"\" data-parallax=\"true\" data-parallax-disable-mobile=\"\" data-caption-trans=\"fade_in_from_bottom\" data-parallax-style=\"bg_only\" data-bg-animation=\"none\" data-full-width=\"false\" class=\"nectar-slider-wrap \" id=\"nectar-slider-instance-1\"><div class=\"swiper-container\"  data-tho=\"auto\" data-tco=\"auto\" data-pho=\"auto\" data-pco=\"auto\" data-loop=\"true\" data-height=\"650\" data-min-height=\"\" data-arrows=\"true\" data-bullets=\"true\" data-bullet_style=\"see_through\" data-bullet_position=\"bottom\" data-desktop-swipe=\"false\" data-settings=\"\"> <div class=\"swiper-wrapper\"><div class=\"swiper-slide\" data-desktop-content-width=\"\" data-tablet-content-width=\"\" data-bg-alignment=\"top\" data-color-scheme=\"light\" data-x-pos=\"center\" data-y-pos=\"middle\" ><div class=\"slide-bg-wrap\"><div class=\"image-bg\" style=\"background-image: url(https:\/\/a-eb.org\/wordpress\/wp-content\/uploads\/2022\/01\/aeb-1.jpg);\"> &nbsp; <\/div><\/div><div class=\"video-texture \"> <span class=\"ie-fix\"><\/span> <\/div><\/div> <!--\/swiper-slide--><div class=\"swiper-slide\" data-desktop-content-width=\"\" data-tablet-content-width=\"\" data-bg-alignment=\"top\" data-color-scheme=\"light\" data-x-pos=\"center\" data-y-pos=\"middle\" ><div class=\"slide-bg-wrap\"><div class=\"image-bg\" style=\"background-image: url(https:\/\/a-eb.org\/wordpress\/wp-content\/uploads\/2022\/01\/aeb-2.jpg);\"> &nbsp; <\/div><\/div><div class=\"video-texture \"> <span class=\"ie-fix\"><\/span> <\/div><\/div> <!--\/swiper-slide--><\/div><a href=\"#\" aria-label=\"Previous\" class=\"slider-prev\"><i class=\"icon-salient-left-arrow\"><\/i> <div class=\"slide-count\"> <span class=\"slide-current\">1<\/span> <i class=\"icon-salient-right-line\"><\/i> <span class=\"slide-total\"><\/span> <\/div> <\/a>\n\t\t\t\t\t\t<a href=\"#\" aria-label=\"Next\" class=\"slider-next\"><i class=\"icon-salient-right-arrow\"><\/i> <div class=\"slide-count\"> <span class=\"slide-current\">1<\/span> <i class=\"icon-salient-right-line\"><\/i> <span class=\"slide-total\"><\/span> <\/div> <\/a><div class=\"container normal-container slider-pagination-wrap\"><div class=\"slider-pagination\"><\/div><\/div><div class=\"nectar-slider-loading \"> <span class=\"loading-icon none\">   <\/span> <\/div> <\/div> \n\t\t\t\t\t\n\t\t\t\t\t<\/div><\/div>[vc_column_text text_direction=&#8221;default&#8221;][\/vc_column_text][\/vc_column][\/vc_row][vc_row type=&#8221;in_container&#8221; full_screen_row_position=&#8221;middle&#8221; column_margin=&#8221;default&#8221; equal_height=&#8221;yes&#8221; content_placement=&#8221;middle&#8221; column_direction=&#8221;default&#8221; column_direction_tablet=&#8221;default&#8221; column_direction_phone=&#8221;default&#8221; scene_position=&#8221;center&#8221; top_padding=&#8221;3%&#8221; bottom_padding=&#8221;3%&#8221; text_color=&#8221;dark&#8221; text_align=&#8221;left&#8221; row_border_radius=&#8221;none&#8221; row_border_radius_applies=&#8221;bg&#8221; overflow=&#8221;visible&#8221; advanced_gradient_angle=&#8221;0&#8243; overlay_strength=&#8221;0.3&#8243; gradient_direction=&#8221;left_to_right&#8221; shape_divider_position=&#8221;bottom&#8221; bg_image_animation=&#8221;none&#8221; shape_type=&#8221;&#8221; gradient_type=&#8221;default&#8221;][vc_column column_padding=&#8221;no-extra-padding&#8221; column_padding_tablet=&#8221;inherit&#8221; column_padding_phone=&#8221;inherit&#8221; column_padding_position=&#8221;all&#8221; column_element_direction_desktop=&#8221;default&#8221; column_element_spacing=&#8221;default&#8221; desktop_text_alignment=&#8221;default&#8221; tablet_text_alignment=&#8221;default&#8221; phone_text_alignment=&#8221;default&#8221; background_color_opacity=&#8221;1&#8243; background_hover_color_opacity=&#8221;1&#8243; column_backdrop_filter=&#8221;none&#8221; column_shadow=&#8221;none&#8221; column_border_radius=&#8221;none&#8221; column_link_target=&#8221;_self&#8221; column_position=&#8221;default&#8221; gradient_direction=&#8221;left_to_right&#8221; overlay_strength=&#8221;0.3&#8243; width=&#8221;5\/6&#8243; tablet_width_inherit=&#8221;default&#8221; animation_type=&#8221;default&#8221; bg_image_animation=&#8221;none&#8221; border_type=&#8221;simple&#8221; column_border_width=&#8221;none&#8221; column_border_style=&#8221;solid&#8221;][vc_column_text css=&#8221;&#8221; text_direction=&#8221;default&#8221;]\n<h1>\u00a0\u201eHond in Hond- Freizeit mitnondo in Val Pusteria\u201c<\/h1>\n[divider line_type=&#8221;no-line&#8221; custom_height=&#8221;30&#8243;]\n<p><strong>Hond in Hond &#8211; Freizeit mitnondo \u00e8 originariamente un progetto dei servizi sociali della comunit\u00e0 del distretto della Val Venosta, che sar\u00e0 attuato anche in Val Pusteria a partire dall&#8217;anno scolastico 2014\/15.<\/strong><\/p>\n<p>Due studenti delle scuole superiori formano una squadra e trascorrono alcune ore di tempo libero con un bambino\/adolescente disabile o con un bambino\/adolescente con background migratorio almeno una volta al mese durante l&#8217;anno scolastico (almeno 6 incontri per anno scolastico). Quanto spesso, dove, quando, cosa e altre domande vengono discusse insieme agli studenti delle scuole superiori, ai bambini\/giovani e ai loro genitori durante il primo incontro.<\/p>\n<p><strong>Obiettivi del progetto:<\/strong><\/p>\n<ul>\n<li>Un&#8217;offerta per gli studenti delle scuole superiori che desiderano un coinvolgimento sociale e un&#8217;opportunit\u00e0 per acquisire un&#8217;esperienza preziosa.<\/li>\n<li>Inclusione di bambini e giovani con disabilit\u00e0<\/li>\n<li>Inclusione di bambini e giovani con un background migratorio<\/li>\n<li>Sollievo per i genitori<\/li>\n<\/ul>\n<p><strong>Gruppo target:<\/strong><\/p>\n<ul>\n<li>Studenti delle scuole superiori di tutte le discipline, quarta e quinta classe (gli studenti minorenni delle scuole superiori lavorano in squadre di due persone con adulti).<\/li>\n<li>Bambini e ragazzi disabili della Val Pusteria<\/li>\n<li>Bambini e giovani della Val Pusteria con un background migratorio<br \/>\nGenitori dei bambini e dei ragazzi<\/li>\n<\/ul>\n<p><strong>Modulo di iscrizione per l&#8217;10\u00b0 edizione di Hond in Hond &#8211; Freizeit mitnondo in Val Pusteria per l&#8217;anno 2024\/2025<\/strong><br \/>\nI genitori interessati possono iscrivere i loro bambini e ragazzi entro il 20 settembre 2024 utilizzando il seguente modulo:<\/p>\n<p>LINK: <a href=\"https:\/\/a-eb.org\/wordpress\/wp-content\/uploads\/2024\/10\/Modulo-di-iscrizione_Hond-in-Hond_2024_2025.pdf\">Modulo d&#8217;iscrizione<\/a>[\/vc_column_text][divider line_type=&#8221;No Line&#8221;][vc_column_text text_direction=&#8221;default&#8221;]\n<h3><strong>Incontro finale Hond in Hond &#8211; Freizeit mitnondo im Pustertal 2024<br \/>\n<\/strong><\/h3>\n<p>Un meraviglioso progetto di inclusione!<\/p>\n<p>I giovani ci mostrano cosa \u00e8 fondamentale per lo sviluppo di una societ\u00e0 pacifica: il dialogo e le relazioni rispettose.<\/p>\n<p>Congratulazioni e un grande grazie a tutte le persone coinvolte!!!<\/p>\n<p>Hond in Hond &#8211; Freizeit mitnondo im Pustertal \u00e8 un progetto comune delle scuole secondarie di Brunico, Campo Tures, San Candido e del Centro di consulenza pedagogica Brunico, nonch\u00e9 dell'&#8221;AEB &#8211; Genitori attivi per l\u2019inclusione delle persone con disabilit\u00e0&#8221;, con il sostegno della Comunit\u00e0 comprensoriale della Val Pusteria e della Cassa Raiffeisen di Brunico.<\/p>\n<p><strong><img loading=\"lazy\" decoding=\"async\" class=\"alignnone size-full wp-image-6695\" src=\"https:\/\/a-eb.org\/wordpress\/wp-content\/uploads\/2024\/05\/Abschlusstreffen-Hond-in-Hond.jpg\" alt=\"\" width=\"2048\" height=\"1365\" srcset=\"https:\/\/a-eb.org\/wordpress\/wp-content\/uploads\/2024\/05\/Abschlusstreffen-Hond-in-Hond.jpg 2048w, https:\/\/a-eb.org\/wordpress\/wp-content\/uploads\/2024\/05\/Abschlusstreffen-Hond-in-Hond-300x200.jpg 300w, https:\/\/a-eb.org\/wordpress\/wp-content\/uploads\/2024\/05\/Abschlusstreffen-Hond-in-Hond-1024x683.jpg 1024w, https:\/\/a-eb.org\/wordpress\/wp-content\/uploads\/2024\/05\/Abschlusstreffen-Hond-in-Hond-768x512.jpg 768w, https:\/\/a-eb.org\/wordpress\/wp-content\/uploads\/2024\/05\/Abschlusstreffen-Hond-in-Hond-1536x1024.jpg 1536w, https:\/\/a-eb.org\/wordpress\/wp-content\/uploads\/2024\/05\/Abschlusstreffen-Hond-in-Hond-900x600.jpg 900w\" sizes=\"auto, (max-width: 2048px) 100vw, 2048px\" \/>\u00a0<\/strong>[\/vc_column_text][vc_gallery type=&#8221;image_grid&#8221; images=&#8221;6697,6699&#8243; image_grid_loading=&#8221;default&#8221; layout=&#8221;4&#8243; item_spacing=&#8221;default&#8221; gallery_style=&#8221;7&#8243; load_in_animation=&#8221;none&#8221;][vc_column_text text_direction=&#8221;default&#8221;][\/vc_column_text][divider line_type=&#8221;No Line&#8221;][vc_column_text css=&#8221;&#8221; text_direction=&#8221;default&#8221;]<strong><span style=\"color: #000000;\">Incontro finale del progetto sociale:<br \/>\nHond in Hond -Freizeit mitnondo Maggio 2022<\/span><\/strong><\/p>\n<p><img loading=\"lazy\" decoding=\"async\" class=\"alignnone wp-image-2439\" src=\"https:\/\/a-eb.org\/wordpress\/wp-content\/uploads\/2022\/06\/Abschlussfoto-300x169.jpg\" alt=\"\" width=\"588\" height=\"331\" srcset=\"https:\/\/a-eb.org\/wordpress\/wp-content\/uploads\/2022\/06\/Abschlussfoto-300x169.jpg 300w, https:\/\/a-eb.org\/wordpress\/wp-content\/uploads\/2022\/06\/Abschlussfoto-1024x576.jpg 1024w, https:\/\/a-eb.org\/wordpress\/wp-content\/uploads\/2022\/06\/Abschlussfoto-768x432.jpg 768w, https:\/\/a-eb.org\/wordpress\/wp-content\/uploads\/2022\/06\/Abschlussfoto-1536x864.jpg 1536w, https:\/\/a-eb.org\/wordpress\/wp-content\/uploads\/2022\/06\/Abschlussfoto.jpg 2048w\" sizes=\"auto, (max-width: 588px) 100vw, 588px\" \/><\/p>\n<p>Nach einem Jahr Zwangspause konnten wir heute das Abschlussfest unseres gemeinsamen Projektes &#8220;Hond in Hond-Freizeit mitnondo im Pustertal&#8221; feiern.<\/p>\n<p>Viele neue Kontakte wurden gekn\u00fcpft und die gemeinsamen Unternehmungen mit den Obersch\u00fclern brachten Abwechslung in die Freizeit der Kinder und Jugendlichen mit Behinderung oder aus Migrantenfamilien.<\/p>\n<p>Wir danken allen Netzwerkpartnern, Sponsoren und Unterst\u00fctzern, besonders aber den 80 Sch\u00fcler: innen, die bereit waren ihre Freizeit zu teilen und freuen uns auf die achte Auflage von<\/p>\n<p>&#8220;Hond in Hond-Freizeit mitnondo im Pustertal&#8221;!<\/p>\n<p>&nbsp;<\/p>\n<p>Incontro finale del progetto sociale:<br \/>\nHond in Hond -Freizeit mitnondo Maggio 2019<\/p>\n[vc_row_inner column_margin=&#8221;default&#8221; column_direction=&#8221;default&#8221; column_direction_tablet=&#8221;default&#8221; column_direction_phone=&#8221;default&#8221; top_padding=&#8221;3%&#8221; text_align=&#8221;left&#8221; row_position=&#8221;default&#8221; row_position_tablet=&#8221;inherit&#8221; row_position_phone=&#8221;inherit&#8221; overflow=&#8221;visible&#8221; pointer_events=&#8221;all&#8221;][vc_column_inner column_padding=&#8221;no-extra-padding&#8221; column_padding_tablet=&#8221;inherit&#8221; column_padding_phone=&#8221;inherit&#8221; column_padding_position=&#8221;all&#8221; column_element_spacing=&#8221;default&#8221; background_color_opacity=&#8221;1&#8243; background_hover_color_opacity=&#8221;1&#8243; column_shadow=&#8221;none&#8221; column_border_radius=&#8221;none&#8221; column_link_target=&#8221;_self&#8221; gradient_direction=&#8221;left_to_right&#8221; overlay_strength=&#8221;0.3&#8243; width=&#8221;2\/3&#8243; tablet_width_inherit=&#8221;default&#8221; animation_type=&#8221;default&#8221; bg_image_animation=&#8221;none&#8221; border_type=&#8221;simple&#8221; column_border_width=&#8221;none&#8221; column_border_style=&#8221;solid&#8221;][image_with_animation image_url=&#8221;1002&#8243; image_size=&#8221;full&#8221; animation_type=&#8221;entrance&#8221; animation=&#8221;Fade In&#8221; hover_animation=&#8221;none&#8221; alignment=&#8221;&#8221; img_link_large=&#8221;yes&#8221; border_radius=&#8221;none&#8221; box_shadow=&#8221;none&#8221; image_loading=&#8221;default&#8221; max_width=&#8221;100%&#8221; max_width_mobile=&#8221;default&#8221;][\/vc_column_inner][vc_column_inner column_padding=&#8221;no-extra-padding&#8221; column_padding_tablet=&#8221;inherit&#8221; column_padding_phone=&#8221;inherit&#8221; column_padding_position=&#8221;all&#8221; column_element_spacing=&#8221;default&#8221; background_color_opacity=&#8221;1&#8243; background_hover_color_opacity=&#8221;1&#8243; column_shadow=&#8221;none&#8221; column_border_radius=&#8221;none&#8221; column_link_target=&#8221;_self&#8221; gradient_direction=&#8221;left_to_right&#8221; overlay_strength=&#8221;0.3&#8243; width=&#8221;1\/3&#8243; tablet_width_inherit=&#8221;default&#8221; animation_type=&#8221;default&#8221; bg_image_animation=&#8221;none&#8221; border_type=&#8221;simple&#8221; column_border_width=&#8221;none&#8221; column_border_style=&#8221;solid&#8221;][\/vc_column_inner][\/vc_row_inner][vc_column_text][\/vc_column_text][\/vc_column][vc_column column_padding=&#8221;no-extra-padding&#8221; column_padding_tablet=&#8221;inherit&#8221; column_padding_phone=&#8221;inherit&#8221; column_padding_position=&#8221;all&#8221; column_element_direction_desktop=&#8221;default&#8221; column_element_spacing=&#8221;default&#8221; desktop_text_alignment=&#8221;default&#8221; tablet_text_alignment=&#8221;default&#8221; phone_text_alignment=&#8221;default&#8221; background_color_opacity=&#8221;1&#8243; background_hover_color_opacity=&#8221;1&#8243; column_backdrop_filter=&#8221;none&#8221; column_shadow=&#8221;none&#8221; column_border_radius=&#8221;none&#8221; column_link_target=&#8221;_self&#8221; column_position=&#8221;default&#8221; gradient_direction=&#8221;left_to_right&#8221; overlay_strength=&#8221;0.3&#8243; width=&#8221;1\/6&#8243; tablet_width_inherit=&#8221;default&#8221; animation_type=&#8221;default&#8221; bg_image_animation=&#8221;none&#8221; border_type=&#8221;simple&#8221; column_border_width=&#8221;none&#8221; column_border_style=&#8221;solid&#8221;][\/vc_column][\/vc_row]\n","protected":false},"excerpt":{"rendered":"<p>[vc_row type=&#8221;full_width_content&#8221; full_screen_row_position=&#8221;middle&#8221; column_margin=&#8221;default&#8221; column_direction=&#8221;default&#8221; column_direction_tablet=&#8221;default&#8221; column_direction_phone=&#8221;default&#8221; scene_position=&#8221;center&#8221; text_color=&#8221;dark&#8221; text_align=&#8221;left&#8221; row_border_radius=&#8221;none&#8221; row_border_radius_applies=&#8221;bg&#8221; overflow=&#8221;visible&#8221; overlay_strength=&#8221;0.3&#8243; gradient_direction=&#8221;left_to_right&#8221; shape_divider_position=&#8221;bottom&#8221; bg_image_animation=&#8221;none&#8221; shape_type=&#8221;&#8221;][vc_column column_padding=&#8221;no-extra-padding&#8221; column_padding_tablet=&#8221;inherit&#8221;&#8230;<\/p>\n","protected":false},"author":2,"featured_media":0,"parent":2026,"menu_order":7,"comment_status":"closed","ping_status":"closed","template":"","meta":{"footnotes":""},"class_list":["post-2068","page","type-page","status-publish"],"yoast_head":"<!-- This site is optimized with the Yoast SEO plugin v26.6 - https:\/\/yoast.com\/wordpress\/plugins\/seo\/ -->\n<title>Val Pusteria - AEB-Aktive Eltern von Menschen mit Behinderung VFG | Bozen | S\u00fcdtirol<\/title>\n<meta name=\"robots\" content=\"index, follow, max-snippet:-1, max-image-preview:large, max-video-preview:-1\" \/>\n<link rel=\"canonical\" href=\"https:\/\/a-eb.org\/it\/cosa-facciamo\/hond-in-hond\/\" \/>\n<meta property=\"og:locale\" content=\"it_IT\" \/>\n<meta property=\"og:type\" content=\"article\" \/>\n<meta property=\"og:title\" content=\"Val Pusteria - AEB-Aktive Eltern von Menschen mit Behinderung VFG | Bozen | S\u00fcdtirol\" \/>\n<meta property=\"og:description\" content=\"[vc_row type=&#8221;full_width_content&#8221; full_screen_row_position=&#8221;middle&#8221; column_margin=&#8221;default&#8221; column_direction=&#8221;default&#8221; column_direction_tablet=&#8221;default&#8221; column_direction_phone=&#8221;default&#8221; scene_position=&#8221;center&#8221; text_color=&#8221;dark&#8221; text_align=&#8221;left&#8221; row_border_radius=&#8221;none&#8221; row_border_radius_applies=&#8221;bg&#8221; overflow=&#8221;visible&#8221; overlay_strength=&#8221;0.3&#8243; gradient_direction=&#8221;left_to_right&#8221; shape_divider_position=&#8221;bottom&#8221; bg_image_animation=&#8221;none&#8221; shape_type=&#8221;&#8221;][vc_column column_padding=&#8221;no-extra-padding&#8221; column_padding_tablet=&#8221;inherit&#8221;...\" \/>\n<meta property=\"og:url\" content=\"https:\/\/a-eb.org\/it\/cosa-facciamo\/hond-in-hond\/\" \/>\n<meta property=\"og:site_name\" content=\"AEB-Aktive Eltern von Menschen mit Behinderung VFG | Bozen | S\u00fcdtirol\" \/>\n<meta property=\"article:modified_time\" content=\"2025-05-05T14:22:01+00:00\" \/>\n<meta property=\"og:image\" content=\"https:\/\/a-eb.org\/wordpress\/wp-content\/uploads\/2024\/05\/Abschlusstreffen-Hond-in-Hond.jpg\" \/>\n\t<meta property=\"og:image:width\" content=\"2048\" \/>\n\t<meta property=\"og:image:height\" content=\"1365\" \/>\n\t<meta property=\"og:image:type\" content=\"image\/jpeg\" \/>\n<meta name=\"twitter:card\" content=\"summary_large_image\" \/>\n<meta name=\"twitter:label1\" content=\"Tempo di lettura stimato\" \/>\n\t<meta name=\"twitter:data1\" content=\"6 minuti\" \/>\n<script type=\"application\/ld+json\" class=\"yoast-schema-graph\">{\"@context\":\"https:\/\/schema.org\",\"@graph\":[{\"@type\":\"WebPage\",\"@id\":\"https:\/\/a-eb.org\/it\/cosa-facciamo\/hond-in-hond\/\",\"url\":\"https:\/\/a-eb.org\/it\/cosa-facciamo\/hond-in-hond\/\",\"name\":\"Val Pusteria - AEB-Aktive Eltern von Menschen mit Behinderung VFG | Bozen | S\u00fcdtirol\",\"isPartOf\":{\"@id\":\"https:\/\/a-eb.org\/#website\"},\"primaryImageOfPage\":{\"@id\":\"https:\/\/a-eb.org\/it\/cosa-facciamo\/hond-in-hond\/#primaryimage\"},\"image\":{\"@id\":\"https:\/\/a-eb.org\/it\/cosa-facciamo\/hond-in-hond\/#primaryimage\"},\"thumbnailUrl\":\"https:\/\/a-eb.org\/wordpress\/wp-content\/uploads\/2024\/05\/Abschlusstreffen-Hond-in-Hond.jpg\",\"datePublished\":\"2022-05-02T07:58:21+00:00\",\"dateModified\":\"2025-05-05T14:22:01+00:00\",\"breadcrumb\":{\"@id\":\"https:\/\/a-eb.org\/it\/cosa-facciamo\/hond-in-hond\/#breadcrumb\"},\"inLanguage\":\"it-IT\",\"potentialAction\":[{\"@type\":\"ReadAction\",\"target\":[\"https:\/\/a-eb.org\/it\/cosa-facciamo\/hond-in-hond\/\"]}]},{\"@type\":\"ImageObject\",\"inLanguage\":\"it-IT\",\"@id\":\"https:\/\/a-eb.org\/it\/cosa-facciamo\/hond-in-hond\/#primaryimage\",\"url\":\"https:\/\/a-eb.org\/wordpress\/wp-content\/uploads\/2024\/05\/Abschlusstreffen-Hond-in-Hond.jpg\",\"contentUrl\":\"https:\/\/a-eb.org\/wordpress\/wp-content\/uploads\/2024\/05\/Abschlusstreffen-Hond-in-Hond.jpg\"},{\"@type\":\"BreadcrumbList\",\"@id\":\"https:\/\/a-eb.org\/it\/cosa-facciamo\/hond-in-hond\/#breadcrumb\",\"itemListElement\":[{\"@type\":\"ListItem\",\"position\":1,\"name\":\"Startseite\",\"item\":\"https:\/\/a-eb.org\/it\/\"},{\"@type\":\"ListItem\",\"position\":2,\"name\":\"Cosa facciamo\",\"item\":\"https:\/\/a-eb.org\/it\/cosa-facciamo\/\"},{\"@type\":\"ListItem\",\"position\":3,\"name\":\"Val Pusteria\"}]},{\"@type\":\"WebSite\",\"@id\":\"https:\/\/a-eb.org\/#website\",\"url\":\"https:\/\/a-eb.org\/\",\"name\":\"AEB-Aktive Eltern von Menschen mit Behinderung VFG | Bozen | S\u00fcdtirol\",\"description\":\"AEB-Aktive Eltern von Menschen mit Behinderung VFG\",\"potentialAction\":[{\"@type\":\"SearchAction\",\"target\":{\"@type\":\"EntryPoint\",\"urlTemplate\":\"https:\/\/a-eb.org\/?s={search_term_string}\"},\"query-input\":{\"@type\":\"PropertyValueSpecification\",\"valueRequired\":true,\"valueName\":\"search_term_string\"}}],\"inLanguage\":\"it-IT\"}]}<\/script>\n<!-- \/ Yoast SEO plugin. -->","yoast_head_json":{"title":"Val Pusteria - AEB-Aktive Eltern von Menschen mit Behinderung VFG | Bozen | S\u00fcdtirol","robots":{"index":"index","follow":"follow","max-snippet":"max-snippet:-1","max-image-preview":"max-image-preview:large","max-video-preview":"max-video-preview:-1"},"canonical":"https:\/\/a-eb.org\/it\/cosa-facciamo\/hond-in-hond\/","og_locale":"it_IT","og_type":"article","og_title":"Val Pusteria - AEB-Aktive Eltern von Menschen mit Behinderung VFG | Bozen | S\u00fcdtirol","og_description":"[vc_row type=&#8221;full_width_content&#8221; full_screen_row_position=&#8221;middle&#8221; column_margin=&#8221;default&#8221; column_direction=&#8221;default&#8221; column_direction_tablet=&#8221;default&#8221; column_direction_phone=&#8221;default&#8221; scene_position=&#8221;center&#8221; text_color=&#8221;dark&#8221; text_align=&#8221;left&#8221; row_border_radius=&#8221;none&#8221; row_border_radius_applies=&#8221;bg&#8221; overflow=&#8221;visible&#8221; overlay_strength=&#8221;0.3&#8243; gradient_direction=&#8221;left_to_right&#8221; shape_divider_position=&#8221;bottom&#8221; bg_image_animation=&#8221;none&#8221; shape_type=&#8221;&#8221;][vc_column column_padding=&#8221;no-extra-padding&#8221; column_padding_tablet=&#8221;inherit&#8221;...","og_url":"https:\/\/a-eb.org\/it\/cosa-facciamo\/hond-in-hond\/","og_site_name":"AEB-Aktive Eltern von Menschen mit Behinderung VFG | Bozen | S\u00fcdtirol","article_modified_time":"2025-05-05T14:22:01+00:00","og_image":[{"width":2048,"height":1365,"url":"https:\/\/a-eb.org\/wordpress\/wp-content\/uploads\/2024\/05\/Abschlusstreffen-Hond-in-Hond.jpg","type":"image\/jpeg"}],"twitter_card":"summary_large_image","twitter_misc":{"Tempo di lettura stimato":"6 minuti"},"schema":{"@context":"https:\/\/schema.org","@graph":[{"@type":"WebPage","@id":"https:\/\/a-eb.org\/it\/cosa-facciamo\/hond-in-hond\/","url":"https:\/\/a-eb.org\/it\/cosa-facciamo\/hond-in-hond\/","name":"Val Pusteria - AEB-Aktive Eltern von Menschen mit Behinderung VFG | Bozen | S\u00fcdtirol","isPartOf":{"@id":"https:\/\/a-eb.org\/#website"},"primaryImageOfPage":{"@id":"https:\/\/a-eb.org\/it\/cosa-facciamo\/hond-in-hond\/#primaryimage"},"image":{"@id":"https:\/\/a-eb.org\/it\/cosa-facciamo\/hond-in-hond\/#primaryimage"},"thumbnailUrl":"https:\/\/a-eb.org\/wordpress\/wp-content\/uploads\/2024\/05\/Abschlusstreffen-Hond-in-Hond.jpg","datePublished":"2022-05-02T07:58:21+00:00","dateModified":"2025-05-05T14:22:01+00:00","breadcrumb":{"@id":"https:\/\/a-eb.org\/it\/cosa-facciamo\/hond-in-hond\/#breadcrumb"},"inLanguage":"it-IT","potentialAction":[{"@type":"ReadAction","target":["https:\/\/a-eb.org\/it\/cosa-facciamo\/hond-in-hond\/"]}]},{"@type":"ImageObject","inLanguage":"it-IT","@id":"https:\/\/a-eb.org\/it\/cosa-facciamo\/hond-in-hond\/#primaryimage","url":"https:\/\/a-eb.org\/wordpress\/wp-content\/uploads\/2024\/05\/Abschlusstreffen-Hond-in-Hond.jpg","contentUrl":"https:\/\/a-eb.org\/wordpress\/wp-content\/uploads\/2024\/05\/Abschlusstreffen-Hond-in-Hond.jpg"},{"@type":"BreadcrumbList","@id":"https:\/\/a-eb.org\/it\/cosa-facciamo\/hond-in-hond\/#breadcrumb","itemListElement":[{"@type":"ListItem","position":1,"name":"Startseite","item":"https:\/\/a-eb.org\/it\/"},{"@type":"ListItem","position":2,"name":"Cosa facciamo","item":"https:\/\/a-eb.org\/it\/cosa-facciamo\/"},{"@type":"ListItem","position":3,"name":"Val Pusteria"}]},{"@type":"WebSite","@id":"https:\/\/a-eb.org\/#website","url":"https:\/\/a-eb.org\/","name":"AEB-Aktive Eltern von Menschen mit Behinderung VFG | Bozen | S\u00fcdtirol","description":"AEB-Aktive Eltern von Menschen mit Behinderung VFG","potentialAction":[{"@type":"SearchAction","target":{"@type":"EntryPoint","urlTemplate":"https:\/\/a-eb.org\/?s={search_term_string}"},"query-input":{"@type":"PropertyValueSpecification","valueRequired":true,"valueName":"search_term_string"}}],"inLanguage":"it-IT"}]}},"_links":{"self":[{"href":"https:\/\/a-eb.org\/it\/wp-json\/wp\/v2\/pages\/2068","targetHints":{"allow":["GET"]}}],"collection":[{"href":"https:\/\/a-eb.org\/it\/wp-json\/wp\/v2\/pages"}],"about":[{"href":"https:\/\/a-eb.org\/it\/wp-json\/wp\/v2\/types\/page"}],"author":[{"embeddable":true,"href":"https:\/\/a-eb.org\/it\/wp-json\/wp\/v2\/users\/2"}],"replies":[{"embeddable":true,"href":"https:\/\/a-eb.org\/it\/wp-json\/wp\/v2\/comments?post=2068"}],"version-history":[{"count":22,"href":"https:\/\/a-eb.org\/it\/wp-json\/wp\/v2\/pages\/2068\/revisions"}],"predecessor-version":[{"id":9380,"href":"https:\/\/a-eb.org\/it\/wp-json\/wp\/v2\/pages\/2068\/revisions\/9380"}],"up":[{"embeddable":true,"href":"https:\/\/a-eb.org\/it\/wp-json\/wp\/v2\/pages\/2026"}],"wp:attachment":[{"href":"https:\/\/a-eb.org\/it\/wp-json\/wp\/v2\/media?parent=2068"}],"curies":[{"name":"wp","href":"https:\/\/api.w.org\/{rel}","templated":true}]}}